{"id":122,"date":"2021-05-25T11:21:39","date_gmt":"2021-05-25T11:21:39","guid":{"rendered":"https:\/\/hidamek.ma\/?page_id=122"},"modified":"2022-10-06T11:02:35","modified_gmt":"2022-10-06T11:02:35","slug":"exclusive-rental","status":"publish","type":"page","link":"https:\/\/hidamek.ma\/?page_id=122","title":{"rendered":"B\u00e2timents"},"content":{"rendered":"\t\t<div data-elementor-type=\"wp-page\" data-elementor-id=\"122\" class=\"elementor elementor-122\" data-elementor-post-type=\"page\">\n\t\t\t\t\t\t<section class=\"elementor-section elementor-top-section elementor-element elementor-element-9e3e20d elementor-section-boxed elementor-section-height-default elementor-section-height-default\" data-id=\"9e3e20d\" data-element_type=\"section\" data-settings=\"{&quot;background_background&quot;:&quot;classic&quot;}\">\n\t\t\t\t\t\t\t<div class=\"elementor-background-overlay\"><\/div>\n\t\t\t\t\t\t\t<div class=\"elementor-container elementor-column-gap-no\">\n\t\t\t\t\t<div class=\"elementor-column elementor-col-100 elementor-top-column elementor-element elementor-element-9480242\" data-id=\"9480242\" data-element_type=\"column\">\n\t\t\t<div class=\"elementor-widget-wrap elementor-element-populated\">\n\t\t\t\t\t\t<div class=\"elementor-element elementor-element-fdcc740 elementor-widget elementor-widget-heading\" data-id=\"fdcc740\" data-element_type=\"widget\" data-widget_type=\"heading.default\">\n\t\t\t\t<div class=\"elementor-widget-container\">\n\t\t\t<style>\/*! elementor - v3.21.0 - 24-04-2024 *\/\n.elementor-heading-title{padding:0;margin:0;line-height:1}.elementor-widget-heading .elementor-heading-title[class*=elementor-size-]>a{color:inherit;font-size:inherit;line-height:inherit}.elementor-widget-heading .elementor-heading-title.elementor-size-small{font-size:15px}.elementor-widget-heading .elementor-heading-title.elementor-size-medium{font-size:19px}.elementor-widget-heading .elementor-heading-title.elementor-size-large{font-size:29px}.elementor-widget-heading .elementor-heading-title.elementor-size-xl{font-size:39px}.elementor-widget-heading .elementor-heading-title.elementor-size-xxl{font-size:59px}<\/style><h1 class=\"elementor-heading-title elementor-size-default\">B\u00e2timents<\/h1>\t\t<\/div>\n\t\t\t\t<\/div>\n\t\t\t\t\t<\/div>\n\t\t<\/div>\n\t\t\t\t\t<\/div>\n\t\t<\/section>\n\t\t\t\t<section class=\"elementor-section elementor-top-section elementor-element elementor-element-9611485 elementor-section-boxed elementor-section-height-default elementor-section-height-default\" data-id=\"9611485\" data-element_type=\"section\">\n\t\t\t\t\t\t<div class=\"elementor-container elementor-column-gap-no\">\n\t\t\t\t\t<div class=\"elementor-column elementor-col-100 elementor-top-column elementor-element elementor-element-3bc7f41\" data-id=\"3bc7f41\" data-element_type=\"column\">\n\t\t\t<div class=\"elementor-widget-wrap elementor-element-populated\">\n\t\t\t\t\t\t<section class=\"elementor-section elementor-inner-section elementor-element elementor-element-0058b35 elementor-section-boxed elementor-section-height-default elementor-section-height-default\" data-id=\"0058b35\" data-element_type=\"section\">\n\t\t\t\t\t\t<div class=\"elementor-container elementor-column-gap-no\">\n\t\t\t\t\t<div class=\"elementor-column elementor-col-33 elementor-inner-column elementor-element elementor-element-360cd01\" data-id=\"360cd01\" data-element_type=\"column\">\n\t\t\t<div class=\"elementor-widget-wrap elementor-element-populated\">\n\t\t\t\t\t\t<div class=\"elementor-element elementor-element-45fd68e elementor-position-top elementor-widget elementor-widget-image-box\" data-id=\"45fd68e\" data-element_type=\"widget\" data-widget_type=\"image-box.default\">\n\t\t\t\t<div class=\"elementor-widget-container\">\n\t\t\t<style>\/*! elementor - v3.21.0 - 24-04-2024 *\/\n.elementor-widget-image-box .elementor-image-box-content{width:100%}@media (min-width:768px){.elementor-widget-image-box.elementor-position-left .elementor-image-box-wrapper,.elementor-widget-image-box.elementor-position-right .elementor-image-box-wrapper{display:flex}.elementor-widget-image-box.elementor-position-right .elementor-image-box-wrapper{text-align:end;flex-direction:row-reverse}.elementor-widget-image-box.elementor-position-left .elementor-image-box-wrapper{text-align:start;flex-direction:row}.elementor-widget-image-box.elementor-position-top .elementor-image-box-img{margin:auto}.elementor-widget-image-box.elementor-vertical-align-top .elementor-image-box-wrapper{align-items:flex-start}.elementor-widget-image-box.elementor-vertical-align-middle .elementor-image-box-wrapper{align-items:center}.elementor-widget-image-box.elementor-vertical-align-bottom .elementor-image-box-wrapper{align-items:flex-end}}@media (max-width:767px){.elementor-widget-image-box .elementor-image-box-img{margin-left:auto!important;margin-right:auto!important;margin-bottom:15px}}.elementor-widget-image-box .elementor-image-box-img{display:inline-block}.elementor-widget-image-box .elementor-image-box-title a{color:inherit}.elementor-widget-image-box .elementor-image-box-wrapper{text-align:center}.elementor-widget-image-box .elementor-image-box-description{margin:0}<\/style><div class=\"elementor-image-box-wrapper\"><figure class=\"elementor-image-box-img\"><img fetchpriority=\"high\" decoding=\"async\" width=\"768\" height=\"576\" src=\"https:\/\/hidamek.ma\/wp-content\/uploads\/2022\/04\/commercial-768x576.jpg\" class=\"attachment-medium_large size-medium_large wp-image-842\" alt=\"\" srcset=\"https:\/\/hidamek.ma\/wp-content\/uploads\/2022\/04\/commercial-768x576.jpg 768w, https:\/\/hidamek.ma\/wp-content\/uploads\/2022\/04\/commercial-600x450.jpg 600w, https:\/\/hidamek.ma\/wp-content\/uploads\/2022\/04\/commercial-300x225.jpg 300w, https:\/\/hidamek.ma\/wp-content\/uploads\/2022\/04\/commercial-1024x768.jpg 1024w, https:\/\/hidamek.ma\/wp-content\/uploads\/2022\/04\/commercial.jpg 1200w\" sizes=\"(max-width: 768px) 100vw, 768px\" \/><\/figure><div class=\"elementor-image-box-content\"><h4 class=\"elementor-image-box-title\">B\u00e2timents commerciaux et \u00e0 usage mixte<\/h4><\/div><\/div>\t\t<\/div>\n\t\t\t\t<\/div>\n\t\t\t\t\t<\/div>\n\t\t<\/div>\n\t\t\t\t<div class=\"elementor-column elementor-col-33 elementor-inner-column elementor-element elementor-element-192d9ee\" data-id=\"192d9ee\" data-element_type=\"column\">\n\t\t\t<div class=\"elementor-widget-wrap elementor-element-populated\">\n\t\t\t\t\t\t<div class=\"elementor-element elementor-element-c188a6f elementor-position-top elementor-widget elementor-widget-image-box\" data-id=\"c188a6f\" data-element_type=\"widget\" data-widget_type=\"image-box.default\">\n\t\t\t\t<div class=\"elementor-widget-container\">\n\t\t\t<div class=\"elementor-image-box-wrapper\"><figure class=\"elementor-image-box-img\"><a href=\"#\" tabindex=\"-1\"><img decoding=\"async\" width=\"2048\" height=\"1536\" src=\"https:\/\/hidamek.ma\/wp-content\/uploads\/2022\/04\/5afb15082b152.jpg\" class=\"attachment-full size-full wp-image-843\" alt=\"\" srcset=\"https:\/\/hidamek.ma\/wp-content\/uploads\/2022\/04\/5afb15082b152.jpg 2048w, https:\/\/hidamek.ma\/wp-content\/uploads\/2022\/04\/5afb15082b152-600x450.jpg 600w, https:\/\/hidamek.ma\/wp-content\/uploads\/2022\/04\/5afb15082b152-300x225.jpg 300w, https:\/\/hidamek.ma\/wp-content\/uploads\/2022\/04\/5afb15082b152-1024x768.jpg 1024w, https:\/\/hidamek.ma\/wp-content\/uploads\/2022\/04\/5afb15082b152-768x576.jpg 768w, https:\/\/hidamek.ma\/wp-content\/uploads\/2022\/04\/5afb15082b152-1536x1152.jpg 1536w\" sizes=\"(max-width: 2048px) 100vw, 2048px\" \/><\/a><\/figure><div class=\"elementor-image-box-content\"><h4 class=\"elementor-image-box-title\"><a href=\"#\">Construction des cit\u00e9s r\u00e9sidentielles.<br><\/a><\/h4><\/div><\/div>\t\t<\/div>\n\t\t\t\t<\/div>\n\t\t\t\t\t<\/div>\n\t\t<\/div>\n\t\t\t\t<div class=\"elementor-column elementor-col-33 elementor-inner-column elementor-element elementor-element-e2bb1d6\" data-id=\"e2bb1d6\" data-element_type=\"column\">\n\t\t\t<div class=\"elementor-widget-wrap elementor-element-populated\">\n\t\t\t\t\t\t<div class=\"elementor-element elementor-element-ac9c327 elementor-position-top elementor-widget elementor-widget-image-box\" data-id=\"ac9c327\" data-element_type=\"widget\" data-widget_type=\"image-box.default\">\n\t\t\t\t<div class=\"elementor-widget-container\">\n\t\t\t<div class=\"elementor-image-box-wrapper\"><figure class=\"elementor-image-box-img\"><a href=\"#\" tabindex=\"-1\"><img decoding=\"async\" width=\"1199\" height=\"898\" src=\"https:\/\/hidamek.ma\/wp-content\/uploads\/2022\/04\/20200625ELS-batiment-industriel-vue-3-4-Locabri-1-1-e1649614824789.jpg\" class=\"attachment-full size-full wp-image-852\" alt=\"\" srcset=\"https:\/\/hidamek.ma\/wp-content\/uploads\/2022\/04\/20200625ELS-batiment-industriel-vue-3-4-Locabri-1-1-e1649614824789.jpg 1199w, https:\/\/hidamek.ma\/wp-content\/uploads\/2022\/04\/20200625ELS-batiment-industriel-vue-3-4-Locabri-1-1-e1649614824789-600x449.jpg 600w, https:\/\/hidamek.ma\/wp-content\/uploads\/2022\/04\/20200625ELS-batiment-industriel-vue-3-4-Locabri-1-1-e1649614824789-300x225.jpg 300w, https:\/\/hidamek.ma\/wp-content\/uploads\/2022\/04\/20200625ELS-batiment-industriel-vue-3-4-Locabri-1-1-e1649614824789-1024x767.jpg 1024w, https:\/\/hidamek.ma\/wp-content\/uploads\/2022\/04\/20200625ELS-batiment-industriel-vue-3-4-Locabri-1-1-e1649614824789-768x575.jpg 768w\" sizes=\"(max-width: 1199px) 100vw, 1199px\" \/><\/a><\/figure><div class=\"elementor-image-box-content\"><h4 class=\"elementor-image-box-title\"><a href=\"#\">B\u00e2timents industriels<br><\/a><\/h4><\/div><\/div>\t\t<\/div>\n\t\t\t\t<\/div>\n\t\t\t\t\t<\/div>\n\t\t<\/div>\n\t\t\t\t\t<\/div>\n\t\t<\/section>\n\t\t\t\t\t<\/div>\n\t\t<\/div>\n\t\t\t\t\t<\/div>\n\t\t<\/section>\n\t\t\t\t<section class=\"elementor-section elementor-top-section elementor-element elementor-element-8ef6598 elementor-section-boxed elementor-section-height-default elementor-section-height-default\" data-id=\"8ef6598\" data-element_type=\"section\">\n\t\t\t\t\t\t<div class=\"elementor-container elementor-column-gap-default\">\n\t\t\t\t\t<div class=\"elementor-column elementor-col-100 elementor-top-column elementor-element elementor-element-4dee44c\" data-id=\"4dee44c\" data-element_type=\"column\">\n\t\t\t<div class=\"elementor-widget-wrap elementor-element-populated\">\n\t\t\t\t\t\t<div class=\"elementor-element elementor-element-666f305 elementor-widget elementor-widget-text-editor\" data-id=\"666f305\" data-element_type=\"widget\" data-widget_type=\"text-editor.default\">\n\t\t\t\t<div class=\"elementor-widget-container\">\n\t\t\t<style>\/*! elementor - v3.21.0 - 24-04-2024 *\/\n.elementor-widget-text-editor.elementor-drop-cap-view-stacked .elementor-drop-cap{background-color:#69727d;color:#fff}.elementor-widget-text-editor.elementor-drop-cap-view-framed .elementor-drop-cap{color:#69727d;border:3px solid;background-color:transparent}.elementor-widget-text-editor:not(.elementor-drop-cap-view-default) .elementor-drop-cap{margin-top:8px}.elementor-widget-text-editor:not(.elementor-drop-cap-view-default) .elementor-drop-cap-letter{width:1em;height:1em}.elementor-widget-text-editor .elementor-drop-cap{float:left;text-align:center;line-height:1;font-size:50px}.elementor-widget-text-editor .elementor-drop-cap-letter{display:inline-block}<\/style>\t\t\t\t<p>Nous relevons les d\u00e9fis inh\u00e9rents aux projets complexes et \u00e0 l\u2019architecture sophistiqu\u00e9e pour cr\u00e9er des b\u00e2timents innovateurs et \u00e0 haute performance.&nbsp;Notre \u00e9quipe de niveau national compos\u00e9e d\u2019experts&nbsp; qui livrent des projets en b\u00e2timent partout dans le Maroc.<br><\/p>\t\t\t\t\t\t<\/div>\n\t\t\t\t<\/div>\n\t\t\t\t\t<\/div>\n\t\t<\/div>\n\t\t\t\t\t<\/div>\n\t\t<\/section>\n\t\t\t\t<\/div>\n\t\t","protected":false},"excerpt":{"rendered":"<p>B\u00e2timents B\u00e2timents commerciaux et \u00e0 usage mixte Construction des cit\u00e9s r\u00e9sidentielles. B\u00e2timents industriels Nous relevons les d\u00e9fis inh\u00e9rents aux projets complexes et \u00e0 l\u2019architecture sophistiqu\u00e9e pour cr\u00e9er des b\u00e2timents innovateurs et \u00e0 haute performance.&nbsp;Notre \u00e9quipe de niveau national compos\u00e9e d\u2019experts&nbsp; qui livrent des projets en b\u00e2timent partout dans le Maroc.<\/p>\n","protected":false},"author":1,"featured_media":0,"parent":0,"menu_order":0,"comment_status":"closed","ping_status":"closed","template":"","meta":{"site-sidebar-layout":"no-sidebar","site-content-layout":"page-builder","ast-main-header-display":"","ast-hfb-above-header-display":"","ast-hfb-below-header-display":"","ast-hfb-mobile-header-display":"","site-post-title":"disabled","ast-breadcrumbs-content":"disabled","ast-featured-img":"disabled","footer-sml-layout":"","theme-transparent-header-meta":"disabled","adv-header-id-meta":"","stick-header-meta":"","header-above-stick-meta":"","header-main-stick-meta":"","header-below-stick-meta":"","footnotes":""},"class_list":["post-122","page","type-page","status-publish","hentry"],"yoast_head":"<!-- This site is optimized with the Yoast SEO plugin v22.3 - https:\/\/yoast.com\/wordpress\/plugins\/seo\/ -->\n<title>B\u00e2timents - HIDAMEK<\/title>\n<meta name=\"description\" content=\"Nous relevons les d\u00e9fis inh\u00e9rents aux projets complexes et \u00e0 l\u2019architecture sophistiqu\u00e9e pour cr\u00e9er des b\u00e2timents innovateurs et \u00e0 haute performance. Notre \u00e9quipe de niveau national compos\u00e9e d\u2019experts qui livrent des projets en b\u00e2timent partout dans le Maroc.\" \/>\n<meta name=\"robots\" content=\"index, follow, max-snippet:-1, max-image-preview:large, max-video-preview:-1\" \/>\n<link rel=\"canonical\" href=\"https:\/\/hidamek.ma\/?page_id=122\" \/>\n<meta property=\"og:locale\" content=\"fr_FR\" \/>\n<meta property=\"og:type\" content=\"article\" \/>\n<meta property=\"og:title\" content=\"B\u00e2timents - HIDAMEK\" \/>\n<meta property=\"og:description\" content=\"Nous relevons les d\u00e9fis inh\u00e9rents aux projets complexes et \u00e0 l\u2019architecture sophistiqu\u00e9e pour cr\u00e9er des b\u00e2timents innovateurs et \u00e0 haute performance. Notre \u00e9quipe de niveau national compos\u00e9e d\u2019experts qui livrent des projets en b\u00e2timent partout dans le Maroc.\" \/>\n<meta property=\"og:url\" content=\"https:\/\/hidamek.ma\/?page_id=122\" \/>\n<meta property=\"og:site_name\" content=\"HIDAMEK\" \/>\n<meta property=\"article:modified_time\" content=\"2022-10-06T11:02:35+00:00\" \/>\n<meta property=\"og:image\" content=\"https:\/\/hidamek.ma\/wp-content\/uploads\/2022\/04\/commercial-768x576.jpg\" \/>\n<meta name=\"twitter:card\" content=\"summary_large_image\" \/>\n<meta name=\"twitter:label1\" content=\"Dur\u00e9e de lecture estim\u00e9e\" \/>\n\t<meta name=\"twitter:data1\" content=\"3 minutes\" \/>\n<script type=\"application\/ld+json\" class=\"yoast-schema-graph\">{\"@context\":\"https:\/\/schema.org\",\"@graph\":[{\"@type\":\"WebPage\",\"@id\":\"https:\/\/hidamek.ma\/?page_id=122\",\"url\":\"https:\/\/hidamek.ma\/?page_id=122\",\"name\":\"B\u00e2timents - HIDAMEK\",\"isPartOf\":{\"@id\":\"https:\/\/hidamek.ma\/#website\"},\"primaryImageOfPage\":{\"@id\":\"https:\/\/hidamek.ma\/?page_id=122#primaryimage\"},\"image\":{\"@id\":\"https:\/\/hidamek.ma\/?page_id=122#primaryimage\"},\"thumbnailUrl\":\"https:\/\/hidamek.ma\/wp-content\/uploads\/2022\/04\/commercial-768x576.jpg\",\"datePublished\":\"2021-05-25T11:21:39+00:00\",\"dateModified\":\"2022-10-06T11:02:35+00:00\",\"description\":\"Nous relevons les d\u00e9fis inh\u00e9rents aux projets complexes et \u00e0 l\u2019architecture sophistiqu\u00e9e pour cr\u00e9er des b\u00e2timents innovateurs et \u00e0 haute performance. Notre \u00e9quipe de niveau national compos\u00e9e d\u2019experts qui livrent des projets en b\u00e2timent partout dans le Maroc.\",\"breadcrumb\":{\"@id\":\"https:\/\/hidamek.ma\/?page_id=122#breadcrumb\"},\"inLanguage\":\"fr-FR\",\"potentialAction\":[{\"@type\":\"ReadAction\",\"target\":[\"https:\/\/hidamek.ma\/?page_id=122\"]}]},{\"@type\":\"ImageObject\",\"inLanguage\":\"fr-FR\",\"@id\":\"https:\/\/hidamek.ma\/?page_id=122#primaryimage\",\"url\":\"https:\/\/hidamek.ma\/wp-content\/uploads\/2022\/04\/commercial.jpg\",\"contentUrl\":\"https:\/\/hidamek.ma\/wp-content\/uploads\/2022\/04\/commercial.jpg\",\"width\":1200,\"height\":900},{\"@type\":\"BreadcrumbList\",\"@id\":\"https:\/\/hidamek.ma\/?page_id=122#breadcrumb\",\"itemListElement\":[{\"@type\":\"ListItem\",\"position\":1,\"name\":\"Accueil\",\"item\":\"https:\/\/hidamek.ma\/\"},{\"@type\":\"ListItem\",\"position\":2,\"name\":\"B\u00e2timents\"}]},{\"@type\":\"WebSite\",\"@id\":\"https:\/\/hidamek.ma\/#website\",\"url\":\"https:\/\/hidamek.ma\/\",\"name\":\"HIDAMEK\",\"description\":\"Just another WordPress site\",\"publisher\":{\"@id\":\"https:\/\/hidamek.ma\/#organization\"},\"potentialAction\":[{\"@type\":\"SearchAction\",\"target\":{\"@type\":\"EntryPoint\",\"urlTemplate\":\"https:\/\/hidamek.ma\/?s={search_term_string}\"},\"query-input\":\"required name=search_term_string\"}],\"inLanguage\":\"fr-FR\"},{\"@type\":\"Organization\",\"@id\":\"https:\/\/hidamek.ma\/#organization\",\"name\":\"HIDAMEK\",\"url\":\"https:\/\/hidamek.ma\/\",\"logo\":{\"@type\":\"ImageObject\",\"inLanguage\":\"fr-FR\",\"@id\":\"https:\/\/hidamek.ma\/#\/schema\/logo\/image\/\",\"url\":\"https:\/\/hidamek.ma\/wp-content\/uploads\/2022\/03\/hidamek-logo.png\",\"contentUrl\":\"https:\/\/hidamek.ma\/wp-content\/uploads\/2022\/03\/hidamek-logo.png\",\"width\":1000,\"height\":299,\"caption\":\"HIDAMEK\"},\"image\":{\"@id\":\"https:\/\/hidamek.ma\/#\/schema\/logo\/image\/\"}}]}<\/script>\n<!-- \/ Yoast SEO plugin. -->","yoast_head_json":{"title":"B\u00e2timents - HIDAMEK","description":"Nous relevons les d\u00e9fis inh\u00e9rents aux projets complexes et \u00e0 l\u2019architecture sophistiqu\u00e9e pour cr\u00e9er des b\u00e2timents innovateurs et \u00e0 haute performance. Notre \u00e9quipe de niveau national compos\u00e9e d\u2019experts qui livrent des projets en b\u00e2timent partout dans le Maroc.","robots":{"index":"index","follow":"follow","max-snippet":"max-snippet:-1","max-image-preview":"max-image-preview:large","max-video-preview":"max-video-preview:-1"},"canonical":"https:\/\/hidamek.ma\/?page_id=122","og_locale":"fr_FR","og_type":"article","og_title":"B\u00e2timents - HIDAMEK","og_description":"Nous relevons les d\u00e9fis inh\u00e9rents aux projets complexes et \u00e0 l\u2019architecture sophistiqu\u00e9e pour cr\u00e9er des b\u00e2timents innovateurs et \u00e0 haute performance. Notre \u00e9quipe de niveau national compos\u00e9e d\u2019experts qui livrent des projets en b\u00e2timent partout dans le Maroc.","og_url":"https:\/\/hidamek.ma\/?page_id=122","og_site_name":"HIDAMEK","article_modified_time":"2022-10-06T11:02:35+00:00","og_image":[{"url":"https:\/\/hidamek.ma\/wp-content\/uploads\/2022\/04\/commercial-768x576.jpg"}],"twitter_card":"summary_large_image","twitter_misc":{"Dur\u00e9e de lecture estim\u00e9e":"3 minutes"},"schema":{"@context":"https:\/\/schema.org","@graph":[{"@type":"WebPage","@id":"https:\/\/hidamek.ma\/?page_id=122","url":"https:\/\/hidamek.ma\/?page_id=122","name":"B\u00e2timents - HIDAMEK","isPartOf":{"@id":"https:\/\/hidamek.ma\/#website"},"primaryImageOfPage":{"@id":"https:\/\/hidamek.ma\/?page_id=122#primaryimage"},"image":{"@id":"https:\/\/hidamek.ma\/?page_id=122#primaryimage"},"thumbnailUrl":"https:\/\/hidamek.ma\/wp-content\/uploads\/2022\/04\/commercial-768x576.jpg","datePublished":"2021-05-25T11:21:39+00:00","dateModified":"2022-10-06T11:02:35+00:00","description":"Nous relevons les d\u00e9fis inh\u00e9rents aux projets complexes et \u00e0 l\u2019architecture sophistiqu\u00e9e pour cr\u00e9er des b\u00e2timents innovateurs et \u00e0 haute performance. Notre \u00e9quipe de niveau national compos\u00e9e d\u2019experts qui livrent des projets en b\u00e2timent partout dans le Maroc.","breadcrumb":{"@id":"https:\/\/hidamek.ma\/?page_id=122#breadcrumb"},"inLanguage":"fr-FR","potentialAction":[{"@type":"ReadAction","target":["https:\/\/hidamek.ma\/?page_id=122"]}]},{"@type":"ImageObject","inLanguage":"fr-FR","@id":"https:\/\/hidamek.ma\/?page_id=122#primaryimage","url":"https:\/\/hidamek.ma\/wp-content\/uploads\/2022\/04\/commercial.jpg","contentUrl":"https:\/\/hidamek.ma\/wp-content\/uploads\/2022\/04\/commercial.jpg","width":1200,"height":900},{"@type":"BreadcrumbList","@id":"https:\/\/hidamek.ma\/?page_id=122#breadcrumb","itemListElement":[{"@type":"ListItem","position":1,"name":"Accueil","item":"https:\/\/hidamek.ma\/"},{"@type":"ListItem","position":2,"name":"B\u00e2timents"}]},{"@type":"WebSite","@id":"https:\/\/hidamek.ma\/#website","url":"https:\/\/hidamek.ma\/","name":"HIDAMEK","description":"Just another WordPress site","publisher":{"@id":"https:\/\/hidamek.ma\/#organization"},"potentialAction":[{"@type":"SearchAction","target":{"@type":"EntryPoint","urlTemplate":"https:\/\/hidamek.ma\/?s={search_term_string}"},"query-input":"required name=search_term_string"}],"inLanguage":"fr-FR"},{"@type":"Organization","@id":"https:\/\/hidamek.ma\/#organization","name":"HIDAMEK","url":"https:\/\/hidamek.ma\/","logo":{"@type":"ImageObject","inLanguage":"fr-FR","@id":"https:\/\/hidamek.ma\/#\/schema\/logo\/image\/","url":"https:\/\/hidamek.ma\/wp-content\/uploads\/2022\/03\/hidamek-logo.png","contentUrl":"https:\/\/hidamek.ma\/wp-content\/uploads\/2022\/03\/hidamek-logo.png","width":1000,"height":299,"caption":"HIDAMEK"},"image":{"@id":"https:\/\/hidamek.ma\/#\/schema\/logo\/image\/"}}]}},"_links":{"self":[{"href":"https:\/\/hidamek.ma\/index.php?rest_route=\/wp\/v2\/pages\/122","targetHints":{"allow":["GET"]}}],"collection":[{"href":"https:\/\/hidamek.ma\/index.php?rest_route=\/wp\/v2\/pages"}],"about":[{"href":"https:\/\/hidamek.ma\/index.php?rest_route=\/wp\/v2\/types\/page"}],"author":[{"embeddable":true,"href":"https:\/\/hidamek.ma\/index.php?rest_route=\/wp\/v2\/users\/1"}],"replies":[{"embeddable":true,"href":"https:\/\/hidamek.ma\/index.php?rest_route=%2Fwp%2Fv2%2Fcomments&post=122"}],"version-history":[{"count":24,"href":"https:\/\/hidamek.ma\/index.php?rest_route=\/wp\/v2\/pages\/122\/revisions"}],"predecessor-version":[{"id":1240,"href":"https:\/\/hidamek.ma\/index.php?rest_route=\/wp\/v2\/pages\/122\/revisions\/1240"}],"wp:attachment":[{"href":"https:\/\/hidamek.ma\/index.php?rest_route=%2Fwp%2Fv2%2Fmedia&parent=122"}],"curies":[{"name":"wp","href":"https:\/\/api.w.org\/{rel}","templated":true}]}}