{"id":1403,"date":"2024-03-28T12:39:36","date_gmt":"2024-03-28T12:39:36","guid":{"rendered":"https:\/\/hidamek.ma\/?post_type=product&#038;p=1403"},"modified":"2024-04-03T11:03:19","modified_gmt":"2024-04-03T11:03:19","slug":"bardage-aluminium","status":"publish","type":"product","link":"https:\/\/hidamek.ma\/?product=bardage-aluminium","title":{"rendered":"Panneau Composite Aluminium"},"content":{"rendered":"<p>Bardage PVC en aluminium, facile \u00e0 travailler, vite install\u00e9. Compl\u00e9mentaire \u00e0 l\u2019isolation de votre fa\u00e7ade.<\/p>\n","protected":false},"excerpt":{"rendered":"<p>Bardage PVC en aluminium, facile \u00e0 travailler, vite install\u00e9. Compl\u00e9mentaire \u00e0 l\u2019isolation de votre fa\u00e7ade.<\/p>\n","protected":false},"featured_media":1404,"comment_status":"open","ping_status":"closed","template":"","meta":{"site-sidebar-layout":"default","site-content-layout":"default","ast-main-header-display":"","ast-hfb-above-header-display":"","ast-hfb-below-header-display":"","ast-hfb-mobile-header-display":"","site-post-title":"","ast-breadcrumbs-content":"","ast-featured-img":"","footer-sml-layout":"","theme-transparent-header-meta":"default","adv-header-id-meta":"","stick-header-meta":"","header-above-stick-meta":"","header-main-stick-meta":"","header-below-stick-meta":""},"product_cat":[30,37],"product_tag":[],"class_list":{"0":"post-1403","1":"product","2":"type-product","3":"status-publish","4":"has-post-thumbnail","6":"product_cat-revetement-mural","7":"product_cat-panneau-composite-aluminium","9":"first","10":"instock","11":"taxable","12":"shipping-taxable","13":"product-type-simple"},"yoast_head":"<!-- This site is optimized with the Yoast SEO plugin v22.3 - https:\/\/yoast.com\/wordpress\/plugins\/seo\/ -->\n<title>Panneau Composite Aluminium - HIDAMEK<\/title>\n<meta name=\"description\" content=\"HIDAMEK Panneau Composite Aluminium -\" \/>\n<meta name=\"robots\" content=\"index, follow, max-snippet:-1, max-image-preview:large, max-video-preview:-1\" \/>\n<link rel=\"canonical\" href=\"https:\/\/hidamek.ma\/?product=bardage-aluminium\" \/>\n<meta property=\"og:locale\" content=\"fr_FR\" \/>\n<meta property=\"og:type\" content=\"article\" \/>\n<meta property=\"og:title\" content=\"Panneau Composite Aluminium - HIDAMEK\" \/>\n<meta property=\"og:description\" content=\"HIDAMEK Panneau Composite Aluminium -\" \/>\n<meta property=\"og:url\" content=\"https:\/\/hidamek.ma\/?product=bardage-aluminium\" \/>\n<meta property=\"og:site_name\" content=\"HIDAMEK\" \/>\n<meta property=\"article:modified_time\" content=\"2024-04-03T11:03:19+00:00\" \/>\n<meta property=\"og:image\" content=\"https:\/\/hidamek.ma\/wp-content\/uploads\/2024\/03\/mob-menuiserie-agencement-design-professionnels-menuiseries-bois-alu-pvc-bardages-5.jpg\" \/>\n\t<meta property=\"og:image:width\" content=\"682\" \/>\n\t<meta property=\"og:image:height\" content=\"1024\" \/>\n\t<meta property=\"og:image:type\" content=\"image\/jpeg\" \/>\n<meta name=\"twitter:card\" content=\"summary_large_image\" \/>\n<script type=\"application\/ld+json\" class=\"yoast-schema-graph\">{\"@context\":\"https:\/\/schema.org\",\"@graph\":[{\"@type\":\"WebPage\",\"@id\":\"https:\/\/hidamek.ma\/?product=bardage-aluminium\",\"url\":\"https:\/\/hidamek.ma\/?product=bardage-aluminium\",\"name\":\"Panneau Composite Aluminium - HIDAMEK\",\"isPartOf\":{\"@id\":\"https:\/\/hidamek.ma\/#website\"},\"primaryImageOfPage\":{\"@id\":\"https:\/\/hidamek.ma\/?product=bardage-aluminium#primaryimage\"},\"image\":{\"@id\":\"https:\/\/hidamek.ma\/?product=bardage-aluminium#primaryimage\"},\"thumbnailUrl\":\"https:\/\/hidamek.ma\/wp-content\/uploads\/2024\/03\/mob-menuiserie-agencement-design-professionnels-menuiseries-bois-alu-pvc-bardages-5.jpg\",\"datePublished\":\"2024-03-28T12:39:36+00:00\",\"dateModified\":\"2024-04-03T11:03:19+00:00\",\"description\":\"HIDAMEK Panneau Composite Aluminium -\",\"breadcrumb\":{\"@id\":\"https:\/\/hidamek.ma\/?product=bardage-aluminium#breadcrumb\"},\"inLanguage\":\"fr-FR\",\"potentialAction\":[{\"@type\":\"ReadAction\",\"target\":[\"https:\/\/hidamek.ma\/?product=bardage-aluminium\"]}]},{\"@type\":\"ImageObject\",\"inLanguage\":\"fr-FR\",\"@id\":\"https:\/\/hidamek.ma\/?product=bardage-aluminium#primaryimage\",\"url\":\"https:\/\/hidamek.ma\/wp-content\/uploads\/2024\/03\/mob-menuiserie-agencement-design-professionnels-menuiseries-bois-alu-pvc-bardages-5.jpg\",\"contentUrl\":\"https:\/\/hidamek.ma\/wp-content\/uploads\/2024\/03\/mob-menuiserie-agencement-design-professionnels-menuiseries-bois-alu-pvc-bardages-5.jpg\",\"width\":682,\"height\":1024},{\"@type\":\"BreadcrumbList\",\"@id\":\"https:\/\/hidamek.ma\/?product=bardage-aluminium#breadcrumb\",\"itemListElement\":[{\"@type\":\"ListItem\",\"position\":1,\"name\":\"Accueil\",\"item\":\"https:\/\/hidamek.ma\/\"},{\"@type\":\"ListItem\",\"position\":2,\"name\":\"Boutique\",\"item\":\"https:\/\/hidamek.ma\/?page_id=1348\"},{\"@type\":\"ListItem\",\"position\":3,\"name\":\"Panneau Composite Aluminium\"}]},{\"@type\":\"WebSite\",\"@id\":\"https:\/\/hidamek.ma\/#website\",\"url\":\"https:\/\/hidamek.ma\/\",\"name\":\"HIDAMEK\",\"description\":\"Just another WordPress site\",\"publisher\":{\"@id\":\"https:\/\/hidamek.ma\/#organization\"},\"potentialAction\":[{\"@type\":\"SearchAction\",\"target\":{\"@type\":\"EntryPoint\",\"urlTemplate\":\"https:\/\/hidamek.ma\/?s={search_term_string}\"},\"query-input\":\"required name=search_term_string\"}],\"inLanguage\":\"fr-FR\"},{\"@type\":\"Organization\",\"@id\":\"https:\/\/hidamek.ma\/#organization\",\"name\":\"HIDAMEK\",\"url\":\"https:\/\/hidamek.ma\/\",\"logo\":{\"@type\":\"ImageObject\",\"inLanguage\":\"fr-FR\",\"@id\":\"https:\/\/hidamek.ma\/#\/schema\/logo\/image\/\",\"url\":\"https:\/\/hidamek.ma\/wp-content\/uploads\/2022\/03\/hidamek-logo.png\",\"contentUrl\":\"https:\/\/hidamek.ma\/wp-content\/uploads\/2022\/03\/hidamek-logo.png\",\"width\":1000,\"height\":299,\"caption\":\"HIDAMEK\"},\"image\":{\"@id\":\"https:\/\/hidamek.ma\/#\/schema\/logo\/image\/\"}}]}<\/script>\n<!-- \/ Yoast SEO plugin. -->","yoast_head_json":{"title":"Panneau Composite Aluminium - HIDAMEK","description":"HIDAMEK Panneau Composite Aluminium -","robots":{"index":"index","follow":"follow","max-snippet":"max-snippet:-1","max-image-preview":"max-image-preview:large","max-video-preview":"max-video-preview:-1"},"canonical":"https:\/\/hidamek.ma\/?product=bardage-aluminium","og_locale":"fr_FR","og_type":"article","og_title":"Panneau Composite Aluminium - HIDAMEK","og_description":"HIDAMEK Panneau Composite Aluminium -","og_url":"https:\/\/hidamek.ma\/?product=bardage-aluminium","og_site_name":"HIDAMEK","article_modified_time":"2024-04-03T11:03:19+00:00","og_image":[{"width":682,"height":1024,"url":"https:\/\/hidamek.ma\/wp-content\/uploads\/2024\/03\/mob-menuiserie-agencement-design-professionnels-menuiseries-bois-alu-pvc-bardages-5.jpg","type":"image\/jpeg"}],"twitter_card":"summary_large_image","schema":{"@context":"https:\/\/schema.org","@graph":[{"@type":"WebPage","@id":"https:\/\/hidamek.ma\/?product=bardage-aluminium","url":"https:\/\/hidamek.ma\/?product=bardage-aluminium","name":"Panneau Composite Aluminium - HIDAMEK","isPartOf":{"@id":"https:\/\/hidamek.ma\/#website"},"primaryImageOfPage":{"@id":"https:\/\/hidamek.ma\/?product=bardage-aluminium#primaryimage"},"image":{"@id":"https:\/\/hidamek.ma\/?product=bardage-aluminium#primaryimage"},"thumbnailUrl":"https:\/\/hidamek.ma\/wp-content\/uploads\/2024\/03\/mob-menuiserie-agencement-design-professionnels-menuiseries-bois-alu-pvc-bardages-5.jpg","datePublished":"2024-03-28T12:39:36+00:00","dateModified":"2024-04-03T11:03:19+00:00","description":"HIDAMEK Panneau Composite Aluminium -","breadcrumb":{"@id":"https:\/\/hidamek.ma\/?product=bardage-aluminium#breadcrumb"},"inLanguage":"fr-FR","potentialAction":[{"@type":"ReadAction","target":["https:\/\/hidamek.ma\/?product=bardage-aluminium"]}]},{"@type":"ImageObject","inLanguage":"fr-FR","@id":"https:\/\/hidamek.ma\/?product=bardage-aluminium#primaryimage","url":"https:\/\/hidamek.ma\/wp-content\/uploads\/2024\/03\/mob-menuiserie-agencement-design-professionnels-menuiseries-bois-alu-pvc-bardages-5.jpg","contentUrl":"https:\/\/hidamek.ma\/wp-content\/uploads\/2024\/03\/mob-menuiserie-agencement-design-professionnels-menuiseries-bois-alu-pvc-bardages-5.jpg","width":682,"height":1024},{"@type":"BreadcrumbList","@id":"https:\/\/hidamek.ma\/?product=bardage-aluminium#breadcrumb","itemListElement":[{"@type":"ListItem","position":1,"name":"Accueil","item":"https:\/\/hidamek.ma\/"},{"@type":"ListItem","position":2,"name":"Boutique","item":"https:\/\/hidamek.ma\/?page_id=1348"},{"@type":"ListItem","position":3,"name":"Panneau Composite Aluminium"}]},{"@type":"WebSite","@id":"https:\/\/hidamek.ma\/#website","url":"https:\/\/hidamek.ma\/","name":"HIDAMEK","description":"Just another WordPress site","publisher":{"@id":"https:\/\/hidamek.ma\/#organization"},"potentialAction":[{"@type":"SearchAction","target":{"@type":"EntryPoint","urlTemplate":"https:\/\/hidamek.ma\/?s={search_term_string}"},"query-input":"required name=search_term_string"}],"inLanguage":"fr-FR"},{"@type":"Organization","@id":"https:\/\/hidamek.ma\/#organization","name":"HIDAMEK","url":"https:\/\/hidamek.ma\/","logo":{"@type":"ImageObject","inLanguage":"fr-FR","@id":"https:\/\/hidamek.ma\/#\/schema\/logo\/image\/","url":"https:\/\/hidamek.ma\/wp-content\/uploads\/2022\/03\/hidamek-logo.png","contentUrl":"https:\/\/hidamek.ma\/wp-content\/uploads\/2022\/03\/hidamek-logo.png","width":1000,"height":299,"caption":"HIDAMEK"},"image":{"@id":"https:\/\/hidamek.ma\/#\/schema\/logo\/image\/"}}]}},"_links":{"self":[{"href":"https:\/\/hidamek.ma\/index.php?rest_route=\/wp\/v2\/product\/1403","targetHints":{"allow":["GET"]}}],"collection":[{"href":"https:\/\/hidamek.ma\/index.php?rest_route=\/wp\/v2\/product"}],"about":[{"href":"https:\/\/hidamek.ma\/index.php?rest_route=\/wp\/v2\/types\/product"}],"replies":[{"embeddable":true,"href":"https:\/\/hidamek.ma\/index.php?rest_route=%2Fwp%2Fv2%2Fcomments&post=1403"}],"wp:featuredmedia":[{"embeddable":true,"href":"https:\/\/hidamek.ma\/index.php?rest_route=\/wp\/v2\/media\/1404"}],"wp:attachment":[{"href":"https:\/\/hidamek.ma\/index.php?rest_route=%2Fwp%2Fv2%2Fmedia&parent=1403"}],"wp:term":[{"taxonomy":"product_cat","embeddable":true,"href":"https:\/\/hidamek.ma\/index.php?rest_route=%2Fwp%2Fv2%2Fproduct_cat&post=1403"},{"taxonomy":"product_tag","embeddable":true,"href":"https:\/\/hidamek.ma\/index.php?rest_route=%2Fwp%2Fv2%2Fproduct_tag&post=1403"}],"curies":[{"name":"wp","href":"https:\/\/api.w.org\/{rel}","templated":true}]}}