{"id":1427,"date":"2024-03-28T22:40:00","date_gmt":"2024-03-28T22:40:00","guid":{"rendered":"https:\/\/hidamek.ma\/?post_type=product&#038;p=1427"},"modified":"2024-03-28T23:50:52","modified_gmt":"2024-03-28T23:50:52","slug":"faux-plafond-platre","status":"publish","type":"product","link":"https:\/\/hidamek.ma\/?product=faux-plafond-platre","title":{"rendered":"Faux plafond Pl\u00e2tre"},"content":{"rendered":"<p>Le faux plafond en pl\u00e2tre est une solution \u00e9l\u00e9gante et polyvalente pour am\u00e9liorer l&#8217;aspect esth\u00e9tique et l&#8217;acoustique des espaces int\u00e9rieurs. Fabriqu\u00e9 \u00e0 partir de pl\u00e2tre de haute qualit\u00e9, ce type de plafond offre une surface lisse et uniforme, parfaitement adapt\u00e9e pour dissimuler les c\u00e2bles et les conduits tout en permettant une installation facile de l&#8217;\u00e9clairage int\u00e9gr\u00e9. Avec sa durabilit\u00e9 et sa capacit\u00e9 \u00e0 \u00eatre personnalis\u00e9 selon les besoins de conception, le faux plafond en pl\u00e2tre apporte une touche de sophistication \u00e0 tout environnement.<\/p>\n","protected":false},"excerpt":{"rendered":"<p>Le faux plafond en pl\u00e2tre est une solution \u00e9l\u00e9gante et polyvalente pour am\u00e9liorer l&#8217;aspect esth\u00e9tique et l&#8217;acoustique des espaces int\u00e9rieurs. Fabriqu\u00e9 \u00e0 partir de pl\u00e2tre de haute qualit\u00e9, ce type de plafond offre une surface lisse et uniforme, parfaitement adapt\u00e9e pour dissimuler les c\u00e2bles et les conduits tout en permettant une installation facile de l&#8217;\u00e9clairage &hellip;<\/p>\n<p class=\"read-more\"> <a class=\"\" href=\"https:\/\/hidamek.ma\/?product=faux-plafond-platre\"> <span class=\"screen-reader-text\">Faux plafond Pl\u00e2tre<\/span> Lire la suite\u00a0\u00bb<\/a><\/p>\n","protected":false},"featured_media":1429,"comment_status":"open","ping_status":"closed","template":"","meta":{"site-sidebar-layout":"default","site-content-layout":"default","ast-main-header-display":"","ast-hfb-above-header-display":"","ast-hfb-below-header-display":"","ast-hfb-mobile-header-display":"","site-post-title":"","ast-breadcrumbs-content":"","ast-featured-img":"","footer-sml-layout":"","theme-transparent-header-meta":"default","adv-header-id-meta":"","stick-header-meta":"","header-above-stick-meta":"","header-main-stick-meta":"","header-below-stick-meta":""},"product_cat":[31,41],"product_tag":[],"class_list":{"0":"post-1427","1":"product","2":"type-product","3":"status-publish","4":"has-post-thumbnail","6":"product_cat-faux-plafond","7":"product_cat-faux-plafond-platre","9":"first","10":"instock","11":"taxable","12":"shipping-taxable","13":"product-type-simple"},"yoast_head":"<!-- This site is optimized with the Yoast SEO plugin v22.3 - https:\/\/yoast.com\/wordpress\/plugins\/seo\/ -->\n<title>Faux plafond Pl\u00e2tre - HIDAMEK<\/title>\n<meta name=\"description\" content=\"Le faux plafond en pl\u00e2tre est une solution \u00e9l\u00e9gante et polyvalente pour am\u00e9liorer l&#039;aspect esth\u00e9tique et l&#039;acoustique des espaces int\u00e9rieurs. Fabriqu\u00e9 \u00e0 partir de pl\u00e2tre de haute qualit\u00e9, ce type de plafond offre une surface lisse et uniforme, parfaitement adapt\u00e9e pour dissimuler les c\u00e2bles et les conduits tout en permettant une installation facile de l&#039;\u00e9clairage int\u00e9gr\u00e9. Avec sa durabilit\u00e9 et sa capacit\u00e9 \u00e0 \u00eatre personnalis\u00e9 selon les besoins de conception, le faux plafond en pl\u00e2tre apporte une touche de sophistication \u00e0 tout environnement.\" \/>\n<meta name=\"robots\" content=\"index, follow, max-snippet:-1, max-image-preview:large, max-video-preview:-1\" \/>\n<link rel=\"canonical\" href=\"https:\/\/hidamek.ma\/?product=faux-plafond-platre\" \/>\n<meta property=\"og:locale\" content=\"fr_FR\" \/>\n<meta property=\"og:type\" content=\"article\" \/>\n<meta property=\"og:title\" content=\"Faux plafond Pl\u00e2tre - HIDAMEK\" \/>\n<meta property=\"og:description\" content=\"Le faux plafond en pl\u00e2tre est une solution \u00e9l\u00e9gante et polyvalente pour am\u00e9liorer l&#039;aspect esth\u00e9tique et l&#039;acoustique des espaces int\u00e9rieurs. Fabriqu\u00e9 \u00e0 partir de pl\u00e2tre de haute qualit\u00e9, ce type de plafond offre une surface lisse et uniforme, parfaitement adapt\u00e9e pour dissimuler les c\u00e2bles et les conduits tout en permettant une installation facile de l&#039;\u00e9clairage int\u00e9gr\u00e9. Avec sa durabilit\u00e9 et sa capacit\u00e9 \u00e0 \u00eatre personnalis\u00e9 selon les besoins de conception, le faux plafond en pl\u00e2tre apporte une touche de sophistication \u00e0 tout environnement.\" \/>\n<meta property=\"og:url\" content=\"https:\/\/hidamek.ma\/?product=faux-plafond-platre\" \/>\n<meta property=\"og:site_name\" content=\"HIDAMEK\" \/>\n<meta property=\"article:modified_time\" content=\"2024-03-28T23:50:52+00:00\" \/>\n<meta property=\"og:image\" content=\"https:\/\/hidamek.ma\/wp-content\/uploads\/2024\/03\/1387119772.jpg\" \/>\n\t<meta property=\"og:image:width\" content=\"1280\" \/>\n\t<meta property=\"og:image:height\" content=\"960\" \/>\n\t<meta property=\"og:image:type\" content=\"image\/jpeg\" \/>\n<meta name=\"twitter:card\" content=\"summary_large_image\" \/>\n<script type=\"application\/ld+json\" class=\"yoast-schema-graph\">{\"@context\":\"https:\/\/schema.org\",\"@graph\":[{\"@type\":\"WebPage\",\"@id\":\"https:\/\/hidamek.ma\/?product=faux-plafond-platre\",\"url\":\"https:\/\/hidamek.ma\/?product=faux-plafond-platre\",\"name\":\"Faux plafond Pl\u00e2tre - HIDAMEK\",\"isPartOf\":{\"@id\":\"https:\/\/hidamek.ma\/#website\"},\"primaryImageOfPage\":{\"@id\":\"https:\/\/hidamek.ma\/?product=faux-plafond-platre#primaryimage\"},\"image\":{\"@id\":\"https:\/\/hidamek.ma\/?product=faux-plafond-platre#primaryimage\"},\"thumbnailUrl\":\"https:\/\/hidamek.ma\/wp-content\/uploads\/2024\/03\/1387119772.jpg\",\"datePublished\":\"2024-03-28T22:40:00+00:00\",\"dateModified\":\"2024-03-28T23:50:52+00:00\",\"description\":\"Le faux plafond en pl\u00e2tre est une solution \u00e9l\u00e9gante et polyvalente pour am\u00e9liorer l'aspect esth\u00e9tique et l'acoustique des espaces int\u00e9rieurs. Fabriqu\u00e9 \u00e0 partir de pl\u00e2tre de haute qualit\u00e9, ce type de plafond offre une surface lisse et uniforme, parfaitement adapt\u00e9e pour dissimuler les c\u00e2bles et les conduits tout en permettant une installation facile de l'\u00e9clairage int\u00e9gr\u00e9. Avec sa durabilit\u00e9 et sa capacit\u00e9 \u00e0 \u00eatre personnalis\u00e9 selon les besoins de conception, le faux plafond en pl\u00e2tre apporte une touche de sophistication \u00e0 tout environnement.\",\"breadcrumb\":{\"@id\":\"https:\/\/hidamek.ma\/?product=faux-plafond-platre#breadcrumb\"},\"inLanguage\":\"fr-FR\",\"potentialAction\":[{\"@type\":\"ReadAction\",\"target\":[\"https:\/\/hidamek.ma\/?product=faux-plafond-platre\"]}]},{\"@type\":\"ImageObject\",\"inLanguage\":\"fr-FR\",\"@id\":\"https:\/\/hidamek.ma\/?product=faux-plafond-platre#primaryimage\",\"url\":\"https:\/\/hidamek.ma\/wp-content\/uploads\/2024\/03\/1387119772.jpg\",\"contentUrl\":\"https:\/\/hidamek.ma\/wp-content\/uploads\/2024\/03\/1387119772.jpg\",\"width\":1280,\"height\":960},{\"@type\":\"BreadcrumbList\",\"@id\":\"https:\/\/hidamek.ma\/?product=faux-plafond-platre#breadcrumb\",\"itemListElement\":[{\"@type\":\"ListItem\",\"position\":1,\"name\":\"Accueil\",\"item\":\"https:\/\/hidamek.ma\/\"},{\"@type\":\"ListItem\",\"position\":2,\"name\":\"Boutique\",\"item\":\"https:\/\/hidamek.ma\/?page_id=1348\"},{\"@type\":\"ListItem\",\"position\":3,\"name\":\"Faux plafond Pl\u00e2tre\"}]},{\"@type\":\"WebSite\",\"@id\":\"https:\/\/hidamek.ma\/#website\",\"url\":\"https:\/\/hidamek.ma\/\",\"name\":\"HIDAMEK\",\"description\":\"Just another WordPress site\",\"publisher\":{\"@id\":\"https:\/\/hidamek.ma\/#organization\"},\"potentialAction\":[{\"@type\":\"SearchAction\",\"target\":{\"@type\":\"EntryPoint\",\"urlTemplate\":\"https:\/\/hidamek.ma\/?s={search_term_string}\"},\"query-input\":\"required name=search_term_string\"}],\"inLanguage\":\"fr-FR\"},{\"@type\":\"Organization\",\"@id\":\"https:\/\/hidamek.ma\/#organization\",\"name\":\"HIDAMEK\",\"url\":\"https:\/\/hidamek.ma\/\",\"logo\":{\"@type\":\"ImageObject\",\"inLanguage\":\"fr-FR\",\"@id\":\"https:\/\/hidamek.ma\/#\/schema\/logo\/image\/\",\"url\":\"https:\/\/hidamek.ma\/wp-content\/uploads\/2022\/03\/hidamek-logo.png\",\"contentUrl\":\"https:\/\/hidamek.ma\/wp-content\/uploads\/2022\/03\/hidamek-logo.png\",\"width\":1000,\"height\":299,\"caption\":\"HIDAMEK\"},\"image\":{\"@id\":\"https:\/\/hidamek.ma\/#\/schema\/logo\/image\/\"}}]}<\/script>\n<!-- \/ Yoast SEO plugin. -->","yoast_head_json":{"title":"Faux plafond Pl\u00e2tre - HIDAMEK","description":"Le faux plafond en pl\u00e2tre est une solution \u00e9l\u00e9gante et polyvalente pour am\u00e9liorer l'aspect esth\u00e9tique et l'acoustique des espaces int\u00e9rieurs. Fabriqu\u00e9 \u00e0 partir de pl\u00e2tre de haute qualit\u00e9, ce type de plafond offre une surface lisse et uniforme, parfaitement adapt\u00e9e pour dissimuler les c\u00e2bles et les conduits tout en permettant une installation facile de l'\u00e9clairage int\u00e9gr\u00e9. Avec sa durabilit\u00e9 et sa capacit\u00e9 \u00e0 \u00eatre personnalis\u00e9 selon les besoins de conception, le faux plafond en pl\u00e2tre apporte une touche de sophistication \u00e0 tout environnement.","robots":{"index":"index","follow":"follow","max-snippet":"max-snippet:-1","max-image-preview":"max-image-preview:large","max-video-preview":"max-video-preview:-1"},"canonical":"https:\/\/hidamek.ma\/?product=faux-plafond-platre","og_locale":"fr_FR","og_type":"article","og_title":"Faux plafond Pl\u00e2tre - HIDAMEK","og_description":"Le faux plafond en pl\u00e2tre est une solution \u00e9l\u00e9gante et polyvalente pour am\u00e9liorer l'aspect esth\u00e9tique et l'acoustique des espaces int\u00e9rieurs. Fabriqu\u00e9 \u00e0 partir de pl\u00e2tre de haute qualit\u00e9, ce type de plafond offre une surface lisse et uniforme, parfaitement adapt\u00e9e pour dissimuler les c\u00e2bles et les conduits tout en permettant une installation facile de l'\u00e9clairage int\u00e9gr\u00e9. Avec sa durabilit\u00e9 et sa capacit\u00e9 \u00e0 \u00eatre personnalis\u00e9 selon les besoins de conception, le faux plafond en pl\u00e2tre apporte une touche de sophistication \u00e0 tout environnement.","og_url":"https:\/\/hidamek.ma\/?product=faux-plafond-platre","og_site_name":"HIDAMEK","article_modified_time":"2024-03-28T23:50:52+00:00","og_image":[{"width":1280,"height":960,"url":"https:\/\/hidamek.ma\/wp-content\/uploads\/2024\/03\/1387119772.jpg","type":"image\/jpeg"}],"twitter_card":"summary_large_image","schema":{"@context":"https:\/\/schema.org","@graph":[{"@type":"WebPage","@id":"https:\/\/hidamek.ma\/?product=faux-plafond-platre","url":"https:\/\/hidamek.ma\/?product=faux-plafond-platre","name":"Faux plafond Pl\u00e2tre - HIDAMEK","isPartOf":{"@id":"https:\/\/hidamek.ma\/#website"},"primaryImageOfPage":{"@id":"https:\/\/hidamek.ma\/?product=faux-plafond-platre#primaryimage"},"image":{"@id":"https:\/\/hidamek.ma\/?product=faux-plafond-platre#primaryimage"},"thumbnailUrl":"https:\/\/hidamek.ma\/wp-content\/uploads\/2024\/03\/1387119772.jpg","datePublished":"2024-03-28T22:40:00+00:00","dateModified":"2024-03-28T23:50:52+00:00","description":"Le faux plafond en pl\u00e2tre est une solution \u00e9l\u00e9gante et polyvalente pour am\u00e9liorer l'aspect esth\u00e9tique et l'acoustique des espaces int\u00e9rieurs. Fabriqu\u00e9 \u00e0 partir de pl\u00e2tre de haute qualit\u00e9, ce type de plafond offre une surface lisse et uniforme, parfaitement adapt\u00e9e pour dissimuler les c\u00e2bles et les conduits tout en permettant une installation facile de l'\u00e9clairage int\u00e9gr\u00e9. Avec sa durabilit\u00e9 et sa capacit\u00e9 \u00e0 \u00eatre personnalis\u00e9 selon les besoins de conception, le faux plafond en pl\u00e2tre apporte une touche de sophistication \u00e0 tout environnement.","breadcrumb":{"@id":"https:\/\/hidamek.ma\/?product=faux-plafond-platre#breadcrumb"},"inLanguage":"fr-FR","potentialAction":[{"@type":"ReadAction","target":["https:\/\/hidamek.ma\/?product=faux-plafond-platre"]}]},{"@type":"ImageObject","inLanguage":"fr-FR","@id":"https:\/\/hidamek.ma\/?product=faux-plafond-platre#primaryimage","url":"https:\/\/hidamek.ma\/wp-content\/uploads\/2024\/03\/1387119772.jpg","contentUrl":"https:\/\/hidamek.ma\/wp-content\/uploads\/2024\/03\/1387119772.jpg","width":1280,"height":960},{"@type":"BreadcrumbList","@id":"https:\/\/hidamek.ma\/?product=faux-plafond-platre#breadcrumb","itemListElement":[{"@type":"ListItem","position":1,"name":"Accueil","item":"https:\/\/hidamek.ma\/"},{"@type":"ListItem","position":2,"name":"Boutique","item":"https:\/\/hidamek.ma\/?page_id=1348"},{"@type":"ListItem","position":3,"name":"Faux plafond Pl\u00e2tre"}]},{"@type":"WebSite","@id":"https:\/\/hidamek.ma\/#website","url":"https:\/\/hidamek.ma\/","name":"HIDAMEK","description":"Just another WordPress site","publisher":{"@id":"https:\/\/hidamek.ma\/#organization"},"potentialAction":[{"@type":"SearchAction","target":{"@type":"EntryPoint","urlTemplate":"https:\/\/hidamek.ma\/?s={search_term_string}"},"query-input":"required name=search_term_string"}],"inLanguage":"fr-FR"},{"@type":"Organization","@id":"https:\/\/hidamek.ma\/#organization","name":"HIDAMEK","url":"https:\/\/hidamek.ma\/","logo":{"@type":"ImageObject","inLanguage":"fr-FR","@id":"https:\/\/hidamek.ma\/#\/schema\/logo\/image\/","url":"https:\/\/hidamek.ma\/wp-content\/uploads\/2022\/03\/hidamek-logo.png","contentUrl":"https:\/\/hidamek.ma\/wp-content\/uploads\/2022\/03\/hidamek-logo.png","width":1000,"height":299,"caption":"HIDAMEK"},"image":{"@id":"https:\/\/hidamek.ma\/#\/schema\/logo\/image\/"}}]}},"_links":{"self":[{"href":"https:\/\/hidamek.ma\/index.php?rest_route=\/wp\/v2\/product\/1427","targetHints":{"allow":["GET"]}}],"collection":[{"href":"https:\/\/hidamek.ma\/index.php?rest_route=\/wp\/v2\/product"}],"about":[{"href":"https:\/\/hidamek.ma\/index.php?rest_route=\/wp\/v2\/types\/product"}],"replies":[{"embeddable":true,"href":"https:\/\/hidamek.ma\/index.php?rest_route=%2Fwp%2Fv2%2Fcomments&post=1427"}],"wp:featuredmedia":[{"embeddable":true,"href":"https:\/\/hidamek.ma\/index.php?rest_route=\/wp\/v2\/media\/1429"}],"wp:attachment":[{"href":"https:\/\/hidamek.ma\/index.php?rest_route=%2Fwp%2Fv2%2Fmedia&parent=1427"}],"wp:term":[{"taxonomy":"product_cat","embeddable":true,"href":"https:\/\/hidamek.ma\/index.php?rest_route=%2Fwp%2Fv2%2Fproduct_cat&post=1427"},{"taxonomy":"product_tag","embeddable":true,"href":"https:\/\/hidamek.ma\/index.php?rest_route=%2Fwp%2Fv2%2Fproduct_tag&post=1427"}],"curies":[{"name":"wp","href":"https:\/\/api.w.org\/{rel}","templated":true}]}}