{"id":1443,"date":"2024-03-29T00:33:58","date_gmt":"2024-03-29T00:33:58","guid":{"rendered":"https:\/\/hidamek.ma\/?post_type=product&#038;p=1443"},"modified":"2024-03-29T00:33:58","modified_gmt":"2024-03-29T00:33:58","slug":"faux-plafond-en-vinyle","status":"publish","type":"product","link":"https:\/\/hidamek.ma\/?product=faux-plafond-en-vinyle","title":{"rendered":"Faux plafond en vinyle"},"content":{"rendered":"<p>Le faux plafond en vinyle offre une solution pratique et esth\u00e9tique pour am\u00e9liorer l&#8217;apparence des espaces int\u00e9rieurs. Fabriqu\u00e9 \u00e0 partir de vinyle de haute qualit\u00e9, ce type de plafond est durable, facile \u00e0 entretenir et r\u00e9sistant \u00e0 l&#8217;humidit\u00e9, ce qui le rend id\u00e9al pour les environnements tels que les cuisines et les salles de bains. Son installation simple et rapide en fait un choix populaire pour les r\u00e9novations et les nouvelles constructions, offrant une surface lisse et uniforme qui peut \u00eatre personnalis\u00e9e pour s&#8217;adapter \u00e0 une vari\u00e9t\u00e9 de styles de d\u00e9coration.<\/p>\n","protected":false},"excerpt":{"rendered":"<p>Le faux plafond en vinyle offre une solution pratique et esth\u00e9tique pour am\u00e9liorer l&#8217;apparence des espaces int\u00e9rieurs. Fabriqu\u00e9 \u00e0 partir de vinyle de haute qualit\u00e9, ce type de plafond est durable, facile \u00e0 entretenir et r\u00e9sistant \u00e0 l&#8217;humidit\u00e9, ce qui le rend id\u00e9al pour les environnements tels que les cuisines et les salles de bains. &hellip;<\/p>\n<p class=\"read-more\"> <a class=\"\" href=\"https:\/\/hidamek.ma\/?product=faux-plafond-en-vinyle\"> <span class=\"screen-reader-text\">Faux plafond en vinyle<\/span> Lire la suite\u00a0\u00bb<\/a><\/p>\n","protected":false},"featured_media":1445,"comment_status":"open","ping_status":"closed","template":"","meta":{"site-sidebar-layout":"default","site-content-layout":"default","ast-main-header-display":"","ast-hfb-above-header-display":"","ast-hfb-below-header-display":"","ast-hfb-mobile-header-display":"","site-post-title":"","ast-breadcrumbs-content":"","ast-featured-img":"","footer-sml-layout":"","theme-transparent-header-meta":"default","adv-header-id-meta":"","stick-header-meta":"","header-above-stick-meta":"","header-main-stick-meta":"","header-below-stick-meta":""},"product_cat":[31,43],"product_tag":[],"class_list":{"0":"post-1443","1":"product","2":"type-product","3":"status-publish","4":"has-post-thumbnail","6":"product_cat-faux-plafond","7":"product_cat-faux-plafond-vinyle","9":"first","10":"instock","11":"taxable","12":"shipping-taxable","13":"product-type-simple"},"yoast_head":"<!-- This site is optimized with the Yoast SEO plugin v22.3 - https:\/\/yoast.com\/wordpress\/plugins\/seo\/ -->\n<title>Faux plafond en vinyle - HIDAMEK<\/title>\n<meta name=\"description\" content=\"Le faux plafond en vinyle offre une solution pratique et esth\u00e9tique pour am\u00e9liorer l&#039;apparence des espaces int\u00e9rieurs. Fabriqu\u00e9 \u00e0 partir de vinyle de haute qualit\u00e9, ce type de plafond est durable, facile \u00e0 entretenir et r\u00e9sistant \u00e0 l&#039;humidit\u00e9, ce qui le rend id\u00e9al pour les environnements tels que les cuisines et les salles de bains. Son installation simple et rapide en fait un choix populaire pour les r\u00e9novations et les nouvelles constructions, offrant une surface lisse et uniforme qui peut \u00eatre personnalis\u00e9e pour s&#039;adapter \u00e0 une vari\u00e9t\u00e9 de styles de d\u00e9coration.\" \/>\n<meta name=\"robots\" content=\"index, follow, max-snippet:-1, max-image-preview:large, max-video-preview:-1\" \/>\n<link rel=\"canonical\" href=\"https:\/\/hidamek.ma\/?product=faux-plafond-en-vinyle\" \/>\n<meta property=\"og:locale\" content=\"fr_FR\" \/>\n<meta property=\"og:type\" content=\"article\" \/>\n<meta property=\"og:title\" content=\"Faux plafond en vinyle - HIDAMEK\" \/>\n<meta property=\"og:description\" content=\"Le faux plafond en vinyle offre une solution pratique et esth\u00e9tique pour am\u00e9liorer l&#039;apparence des espaces int\u00e9rieurs. Fabriqu\u00e9 \u00e0 partir de vinyle de haute qualit\u00e9, ce type de plafond est durable, facile \u00e0 entretenir et r\u00e9sistant \u00e0 l&#039;humidit\u00e9, ce qui le rend id\u00e9al pour les environnements tels que les cuisines et les salles de bains. Son installation simple et rapide en fait un choix populaire pour les r\u00e9novations et les nouvelles constructions, offrant une surface lisse et uniforme qui peut \u00eatre personnalis\u00e9e pour s&#039;adapter \u00e0 une vari\u00e9t\u00e9 de styles de d\u00e9coration.\" \/>\n<meta property=\"og:url\" content=\"https:\/\/hidamek.ma\/?product=faux-plafond-en-vinyle\" \/>\n<meta property=\"og:site_name\" content=\"HIDAMEK\" \/>\n<meta property=\"og:image\" content=\"https:\/\/hidamek.ma\/wp-content\/uploads\/2024\/03\/artsetbatdiapo12d646619c9613dc303d9c85b58fd835jpg_59b194b650889.jpg\" \/>\n\t<meta property=\"og:image:width\" content=\"1000\" \/>\n\t<meta property=\"og:image:height\" content=\"716\" \/>\n\t<meta property=\"og:image:type\" content=\"image\/jpeg\" \/>\n<meta name=\"twitter:card\" content=\"summary_large_image\" \/>\n<script type=\"application\/ld+json\" class=\"yoast-schema-graph\">{\"@context\":\"https:\/\/schema.org\",\"@graph\":[{\"@type\":\"WebPage\",\"@id\":\"https:\/\/hidamek.ma\/?product=faux-plafond-en-vinyle\",\"url\":\"https:\/\/hidamek.ma\/?product=faux-plafond-en-vinyle\",\"name\":\"Faux plafond en vinyle - HIDAMEK\",\"isPartOf\":{\"@id\":\"https:\/\/hidamek.ma\/#website\"},\"primaryImageOfPage\":{\"@id\":\"https:\/\/hidamek.ma\/?product=faux-plafond-en-vinyle#primaryimage\"},\"image\":{\"@id\":\"https:\/\/hidamek.ma\/?product=faux-plafond-en-vinyle#primaryimage\"},\"thumbnailUrl\":\"https:\/\/hidamek.ma\/wp-content\/uploads\/2024\/03\/artsetbatdiapo12d646619c9613dc303d9c85b58fd835jpg_59b194b650889.jpg\",\"datePublished\":\"2024-03-29T00:33:58+00:00\",\"dateModified\":\"2024-03-29T00:33:58+00:00\",\"description\":\"Le faux plafond en vinyle offre une solution pratique et esth\u00e9tique pour am\u00e9liorer l'apparence des espaces int\u00e9rieurs. Fabriqu\u00e9 \u00e0 partir de vinyle de haute qualit\u00e9, ce type de plafond est durable, facile \u00e0 entretenir et r\u00e9sistant \u00e0 l'humidit\u00e9, ce qui le rend id\u00e9al pour les environnements tels que les cuisines et les salles de bains. Son installation simple et rapide en fait un choix populaire pour les r\u00e9novations et les nouvelles constructions, offrant une surface lisse et uniforme qui peut \u00eatre personnalis\u00e9e pour s'adapter \u00e0 une vari\u00e9t\u00e9 de styles de d\u00e9coration.\",\"breadcrumb\":{\"@id\":\"https:\/\/hidamek.ma\/?product=faux-plafond-en-vinyle#breadcrumb\"},\"inLanguage\":\"fr-FR\",\"potentialAction\":[{\"@type\":\"ReadAction\",\"target\":[\"https:\/\/hidamek.ma\/?product=faux-plafond-en-vinyle\"]}]},{\"@type\":\"ImageObject\",\"inLanguage\":\"fr-FR\",\"@id\":\"https:\/\/hidamek.ma\/?product=faux-plafond-en-vinyle#primaryimage\",\"url\":\"https:\/\/hidamek.ma\/wp-content\/uploads\/2024\/03\/artsetbatdiapo12d646619c9613dc303d9c85b58fd835jpg_59b194b650889.jpg\",\"contentUrl\":\"https:\/\/hidamek.ma\/wp-content\/uploads\/2024\/03\/artsetbatdiapo12d646619c9613dc303d9c85b58fd835jpg_59b194b650889.jpg\",\"width\":1000,\"height\":716},{\"@type\":\"BreadcrumbList\",\"@id\":\"https:\/\/hidamek.ma\/?product=faux-plafond-en-vinyle#breadcrumb\",\"itemListElement\":[{\"@type\":\"ListItem\",\"position\":1,\"name\":\"Accueil\",\"item\":\"https:\/\/hidamek.ma\/\"},{\"@type\":\"ListItem\",\"position\":2,\"name\":\"Boutique\",\"item\":\"https:\/\/hidamek.ma\/?page_id=1348\"},{\"@type\":\"ListItem\",\"position\":3,\"name\":\"Faux plafond en vinyle\"}]},{\"@type\":\"WebSite\",\"@id\":\"https:\/\/hidamek.ma\/#website\",\"url\":\"https:\/\/hidamek.ma\/\",\"name\":\"HIDAMEK\",\"description\":\"Just another WordPress site\",\"publisher\":{\"@id\":\"https:\/\/hidamek.ma\/#organization\"},\"potentialAction\":[{\"@type\":\"SearchAction\",\"target\":{\"@type\":\"EntryPoint\",\"urlTemplate\":\"https:\/\/hidamek.ma\/?s={search_term_string}\"},\"query-input\":\"required name=search_term_string\"}],\"inLanguage\":\"fr-FR\"},{\"@type\":\"Organization\",\"@id\":\"https:\/\/hidamek.ma\/#organization\",\"name\":\"HIDAMEK\",\"url\":\"https:\/\/hidamek.ma\/\",\"logo\":{\"@type\":\"ImageObject\",\"inLanguage\":\"fr-FR\",\"@id\":\"https:\/\/hidamek.ma\/#\/schema\/logo\/image\/\",\"url\":\"https:\/\/hidamek.ma\/wp-content\/uploads\/2022\/03\/hidamek-logo.png\",\"contentUrl\":\"https:\/\/hidamek.ma\/wp-content\/uploads\/2022\/03\/hidamek-logo.png\",\"width\":1000,\"height\":299,\"caption\":\"HIDAMEK\"},\"image\":{\"@id\":\"https:\/\/hidamek.ma\/#\/schema\/logo\/image\/\"}}]}<\/script>\n<!-- \/ Yoast SEO plugin. -->","yoast_head_json":{"title":"Faux plafond en vinyle - HIDAMEK","description":"Le faux plafond en vinyle offre une solution pratique et esth\u00e9tique pour am\u00e9liorer l'apparence des espaces int\u00e9rieurs. Fabriqu\u00e9 \u00e0 partir de vinyle de haute qualit\u00e9, ce type de plafond est durable, facile \u00e0 entretenir et r\u00e9sistant \u00e0 l'humidit\u00e9, ce qui le rend id\u00e9al pour les environnements tels que les cuisines et les salles de bains. Son installation simple et rapide en fait un choix populaire pour les r\u00e9novations et les nouvelles constructions, offrant une surface lisse et uniforme qui peut \u00eatre personnalis\u00e9e pour s'adapter \u00e0 une vari\u00e9t\u00e9 de styles de d\u00e9coration.","robots":{"index":"index","follow":"follow","max-snippet":"max-snippet:-1","max-image-preview":"max-image-preview:large","max-video-preview":"max-video-preview:-1"},"canonical":"https:\/\/hidamek.ma\/?product=faux-plafond-en-vinyle","og_locale":"fr_FR","og_type":"article","og_title":"Faux plafond en vinyle - HIDAMEK","og_description":"Le faux plafond en vinyle offre une solution pratique et esth\u00e9tique pour am\u00e9liorer l'apparence des espaces int\u00e9rieurs. Fabriqu\u00e9 \u00e0 partir de vinyle de haute qualit\u00e9, ce type de plafond est durable, facile \u00e0 entretenir et r\u00e9sistant \u00e0 l'humidit\u00e9, ce qui le rend id\u00e9al pour les environnements tels que les cuisines et les salles de bains. Son installation simple et rapide en fait un choix populaire pour les r\u00e9novations et les nouvelles constructions, offrant une surface lisse et uniforme qui peut \u00eatre personnalis\u00e9e pour s'adapter \u00e0 une vari\u00e9t\u00e9 de styles de d\u00e9coration.","og_url":"https:\/\/hidamek.ma\/?product=faux-plafond-en-vinyle","og_site_name":"HIDAMEK","og_image":[{"width":1000,"height":716,"url":"https:\/\/hidamek.ma\/wp-content\/uploads\/2024\/03\/artsetbatdiapo12d646619c9613dc303d9c85b58fd835jpg_59b194b650889.jpg","type":"image\/jpeg"}],"twitter_card":"summary_large_image","schema":{"@context":"https:\/\/schema.org","@graph":[{"@type":"WebPage","@id":"https:\/\/hidamek.ma\/?product=faux-plafond-en-vinyle","url":"https:\/\/hidamek.ma\/?product=faux-plafond-en-vinyle","name":"Faux plafond en vinyle - HIDAMEK","isPartOf":{"@id":"https:\/\/hidamek.ma\/#website"},"primaryImageOfPage":{"@id":"https:\/\/hidamek.ma\/?product=faux-plafond-en-vinyle#primaryimage"},"image":{"@id":"https:\/\/hidamek.ma\/?product=faux-plafond-en-vinyle#primaryimage"},"thumbnailUrl":"https:\/\/hidamek.ma\/wp-content\/uploads\/2024\/03\/artsetbatdiapo12d646619c9613dc303d9c85b58fd835jpg_59b194b650889.jpg","datePublished":"2024-03-29T00:33:58+00:00","dateModified":"2024-03-29T00:33:58+00:00","description":"Le faux plafond en vinyle offre une solution pratique et esth\u00e9tique pour am\u00e9liorer l'apparence des espaces int\u00e9rieurs. Fabriqu\u00e9 \u00e0 partir de vinyle de haute qualit\u00e9, ce type de plafond est durable, facile \u00e0 entretenir et r\u00e9sistant \u00e0 l'humidit\u00e9, ce qui le rend id\u00e9al pour les environnements tels que les cuisines et les salles de bains. Son installation simple et rapide en fait un choix populaire pour les r\u00e9novations et les nouvelles constructions, offrant une surface lisse et uniforme qui peut \u00eatre personnalis\u00e9e pour s'adapter \u00e0 une vari\u00e9t\u00e9 de styles de d\u00e9coration.","breadcrumb":{"@id":"https:\/\/hidamek.ma\/?product=faux-plafond-en-vinyle#breadcrumb"},"inLanguage":"fr-FR","potentialAction":[{"@type":"ReadAction","target":["https:\/\/hidamek.ma\/?product=faux-plafond-en-vinyle"]}]},{"@type":"ImageObject","inLanguage":"fr-FR","@id":"https:\/\/hidamek.ma\/?product=faux-plafond-en-vinyle#primaryimage","url":"https:\/\/hidamek.ma\/wp-content\/uploads\/2024\/03\/artsetbatdiapo12d646619c9613dc303d9c85b58fd835jpg_59b194b650889.jpg","contentUrl":"https:\/\/hidamek.ma\/wp-content\/uploads\/2024\/03\/artsetbatdiapo12d646619c9613dc303d9c85b58fd835jpg_59b194b650889.jpg","width":1000,"height":716},{"@type":"BreadcrumbList","@id":"https:\/\/hidamek.ma\/?product=faux-plafond-en-vinyle#breadcrumb","itemListElement":[{"@type":"ListItem","position":1,"name":"Accueil","item":"https:\/\/hidamek.ma\/"},{"@type":"ListItem","position":2,"name":"Boutique","item":"https:\/\/hidamek.ma\/?page_id=1348"},{"@type":"ListItem","position":3,"name":"Faux plafond en vinyle"}]},{"@type":"WebSite","@id":"https:\/\/hidamek.ma\/#website","url":"https:\/\/hidamek.ma\/","name":"HIDAMEK","description":"Just another WordPress site","publisher":{"@id":"https:\/\/hidamek.ma\/#organization"},"potentialAction":[{"@type":"SearchAction","target":{"@type":"EntryPoint","urlTemplate":"https:\/\/hidamek.ma\/?s={search_term_string}"},"query-input":"required name=search_term_string"}],"inLanguage":"fr-FR"},{"@type":"Organization","@id":"https:\/\/hidamek.ma\/#organization","name":"HIDAMEK","url":"https:\/\/hidamek.ma\/","logo":{"@type":"ImageObject","inLanguage":"fr-FR","@id":"https:\/\/hidamek.ma\/#\/schema\/logo\/image\/","url":"https:\/\/hidamek.ma\/wp-content\/uploads\/2022\/03\/hidamek-logo.png","contentUrl":"https:\/\/hidamek.ma\/wp-content\/uploads\/2022\/03\/hidamek-logo.png","width":1000,"height":299,"caption":"HIDAMEK"},"image":{"@id":"https:\/\/hidamek.ma\/#\/schema\/logo\/image\/"}}]}},"_links":{"self":[{"href":"https:\/\/hidamek.ma\/index.php?rest_route=\/wp\/v2\/product\/1443","targetHints":{"allow":["GET"]}}],"collection":[{"href":"https:\/\/hidamek.ma\/index.php?rest_route=\/wp\/v2\/product"}],"about":[{"href":"https:\/\/hidamek.ma\/index.php?rest_route=\/wp\/v2\/types\/product"}],"replies":[{"embeddable":true,"href":"https:\/\/hidamek.ma\/index.php?rest_route=%2Fwp%2Fv2%2Fcomments&post=1443"}],"wp:featuredmedia":[{"embeddable":true,"href":"https:\/\/hidamek.ma\/index.php?rest_route=\/wp\/v2\/media\/1445"}],"wp:attachment":[{"href":"https:\/\/hidamek.ma\/index.php?rest_route=%2Fwp%2Fv2%2Fmedia&parent=1443"}],"wp:term":[{"taxonomy":"product_cat","embeddable":true,"href":"https:\/\/hidamek.ma\/index.php?rest_route=%2Fwp%2Fv2%2Fproduct_cat&post=1443"},{"taxonomy":"product_tag","embeddable":true,"href":"https:\/\/hidamek.ma\/index.php?rest_route=%2Fwp%2Fv2%2Fproduct_tag&post=1443"}],"curies":[{"name":"wp","href":"https:\/\/api.w.org\/{rel}","templated":true}]}}