{"id":1492,"date":"2024-03-31T02:09:05","date_gmt":"2024-03-31T02:09:05","guid":{"rendered":"https:\/\/hidamek.ma\/?post_type=product&#038;p=1492"},"modified":"2024-03-31T02:09:05","modified_gmt":"2024-03-31T02:09:05","slug":"laine-de-verre","status":"publish","type":"product","link":"https:\/\/hidamek.ma\/?product=laine-de-verre","title":{"rendered":"Laine de verre"},"content":{"rendered":"<p>La laine de verre est une solution d&#8217;isolation thermique et acoustique efficace fabriqu\u00e9e \u00e0 partir de fibres de verre li\u00e9es entre elles. Elle offre une excellente r\u00e9sistance \u00e0 la propagation de la chaleur et du froid, tout en absorbant efficacement les sons et en r\u00e9duisant la transmission du bruit. Disponible sous forme de rouleaux, de panneaux ou en vrac, elle peut \u00eatre utilis\u00e9e dans une vari\u00e9t\u00e9 d&#8217;applications, y compris les murs, les combles, les sols et les plafonds. Sa facilit\u00e9 d&#8217;installation, sa durabilit\u00e9 et son prix abordable en font un choix populaire pour les projets de construction r\u00e9sidentiels, commerciaux et industriels, permettant d&#8217;am\u00e9liorer le confort int\u00e9rieur et de r\u00e9aliser des \u00e9conomies d&#8217;\u00e9nergie significatives.<\/p>\n","protected":false},"excerpt":{"rendered":"<p>La laine de verre est une solution d&#8217;isolation thermique et acoustique efficace fabriqu\u00e9e \u00e0 partir de fibres de verre li\u00e9es entre elles. Elle offre une excellente r\u00e9sistance \u00e0 la propagation de la chaleur et du froid, tout en absorbant efficacement les sons et en r\u00e9duisant la transmission du bruit. Disponible sous forme de rouleaux, de &hellip;<\/p>\n<p class=\"read-more\"> <a class=\"\" href=\"https:\/\/hidamek.ma\/?product=laine-de-verre\"> <span class=\"screen-reader-text\">Laine de verre<\/span> Lire la suite\u00a0\u00bb<\/a><\/p>\n","protected":false},"featured_media":1495,"comment_status":"open","ping_status":"closed","template":"","meta":{"site-sidebar-layout":"default","site-content-layout":"default","ast-main-header-display":"","ast-hfb-above-header-display":"","ast-hfb-below-header-display":"","ast-hfb-mobile-header-display":"","site-post-title":"","ast-breadcrumbs-content":"","ast-featured-img":"","footer-sml-layout":"","theme-transparent-header-meta":"default","adv-header-id-meta":"","stick-header-meta":"","header-above-stick-meta":"","header-main-stick-meta":"","header-below-stick-meta":""},"product_cat":[33],"product_tag":[],"class_list":{"0":"post-1492","1":"product","2":"type-product","3":"status-publish","4":"has-post-thumbnail","6":"product_cat-materiaux-disolation","8":"first","9":"instock","10":"taxable","11":"shipping-taxable","12":"product-type-simple"},"yoast_head":"<!-- This site is optimized with the Yoast SEO plugin v22.3 - https:\/\/yoast.com\/wordpress\/plugins\/seo\/ -->\n<title>Laine de verre - HIDAMEK<\/title>\n<meta name=\"description\" content=\"La laine de verre est une solution d&#039;isolation thermique et acoustique efficace fabriqu\u00e9e \u00e0 partir de fibres de verre li\u00e9es entre elles. Elle offre une excellente r\u00e9sistance \u00e0 la propagation de la chaleur et du froid, tout en absorbant efficacement les sons et en r\u00e9duisant la transmission du bruit. Disponible sous forme de rouleaux, de panneaux ou en vrac, elle peut \u00eatre utilis\u00e9e dans une vari\u00e9t\u00e9 d&#039;applications, y compris les murs, les combles, les sols et les plafonds. Sa facilit\u00e9 d&#039;installation, sa durabilit\u00e9 et son prix abordable en font un choix populaire pour les projets de construction r\u00e9sidentiels, commerciaux et industriels, permettant d&#039;am\u00e9liorer le confort int\u00e9rieur et de r\u00e9aliser des \u00e9conomies d&#039;\u00e9nergie significatives.\" \/>\n<meta name=\"robots\" content=\"index, follow, max-snippet:-1, max-image-preview:large, max-video-preview:-1\" \/>\n<link rel=\"canonical\" href=\"https:\/\/hidamek.ma\/?product=laine-de-verre\" \/>\n<meta property=\"og:locale\" content=\"fr_FR\" \/>\n<meta property=\"og:type\" content=\"article\" \/>\n<meta property=\"og:title\" content=\"Laine de verre - HIDAMEK\" \/>\n<meta property=\"og:description\" content=\"La laine de verre est une solution d&#039;isolation thermique et acoustique efficace fabriqu\u00e9e \u00e0 partir de fibres de verre li\u00e9es entre elles. Elle offre une excellente r\u00e9sistance \u00e0 la propagation de la chaleur et du froid, tout en absorbant efficacement les sons et en r\u00e9duisant la transmission du bruit. Disponible sous forme de rouleaux, de panneaux ou en vrac, elle peut \u00eatre utilis\u00e9e dans une vari\u00e9t\u00e9 d&#039;applications, y compris les murs, les combles, les sols et les plafonds. Sa facilit\u00e9 d&#039;installation, sa durabilit\u00e9 et son prix abordable en font un choix populaire pour les projets de construction r\u00e9sidentiels, commerciaux et industriels, permettant d&#039;am\u00e9liorer le confort int\u00e9rieur et de r\u00e9aliser des \u00e9conomies d&#039;\u00e9nergie significatives.\" \/>\n<meta property=\"og:url\" content=\"https:\/\/hidamek.ma\/?product=laine-de-verre\" \/>\n<meta property=\"og:site_name\" content=\"HIDAMEK\" \/>\n<meta property=\"og:image\" content=\"https:\/\/hidamek.ma\/wp-content\/uploads\/2024\/03\/rouleau-laine-de-verre-supralaine-1-2-x-10-m-ep-100-mm-vendu-a-la-palette-5059340573977_01c_fr_cf.webp\" \/>\n\t<meta property=\"og:image:width\" content=\"618\" \/>\n\t<meta property=\"og:image:height\" content=\"618\" \/>\n\t<meta property=\"og:image:type\" content=\"image\/webp\" \/>\n<meta name=\"twitter:card\" content=\"summary_large_image\" \/>\n<meta name=\"twitter:label1\" content=\"Dur\u00e9e de lecture estim\u00e9e\" \/>\n\t<meta name=\"twitter:data1\" content=\"1 minute\" \/>\n<script type=\"application\/ld+json\" class=\"yoast-schema-graph\">{\"@context\":\"https:\/\/schema.org\",\"@graph\":[{\"@type\":\"WebPage\",\"@id\":\"https:\/\/hidamek.ma\/?product=laine-de-verre\",\"url\":\"https:\/\/hidamek.ma\/?product=laine-de-verre\",\"name\":\"Laine de verre - HIDAMEK\",\"isPartOf\":{\"@id\":\"https:\/\/hidamek.ma\/#website\"},\"primaryImageOfPage\":{\"@id\":\"https:\/\/hidamek.ma\/?product=laine-de-verre#primaryimage\"},\"image\":{\"@id\":\"https:\/\/hidamek.ma\/?product=laine-de-verre#primaryimage\"},\"thumbnailUrl\":\"https:\/\/hidamek.ma\/wp-content\/uploads\/2024\/03\/rouleau-laine-de-verre-supralaine-1-2-x-10-m-ep-100-mm-vendu-a-la-palette-5059340573977_01c_fr_cf.webp\",\"datePublished\":\"2024-03-31T02:09:05+00:00\",\"dateModified\":\"2024-03-31T02:09:05+00:00\",\"description\":\"La laine de verre est une solution d'isolation thermique et acoustique efficace fabriqu\u00e9e \u00e0 partir de fibres de verre li\u00e9es entre elles. Elle offre une excellente r\u00e9sistance \u00e0 la propagation de la chaleur et du froid, tout en absorbant efficacement les sons et en r\u00e9duisant la transmission du bruit. Disponible sous forme de rouleaux, de panneaux ou en vrac, elle peut \u00eatre utilis\u00e9e dans une vari\u00e9t\u00e9 d'applications, y compris les murs, les combles, les sols et les plafonds. Sa facilit\u00e9 d'installation, sa durabilit\u00e9 et son prix abordable en font un choix populaire pour les projets de construction r\u00e9sidentiels, commerciaux et industriels, permettant d'am\u00e9liorer le confort int\u00e9rieur et de r\u00e9aliser des \u00e9conomies d'\u00e9nergie significatives.\",\"breadcrumb\":{\"@id\":\"https:\/\/hidamek.ma\/?product=laine-de-verre#breadcrumb\"},\"inLanguage\":\"fr-FR\",\"potentialAction\":[{\"@type\":\"ReadAction\",\"target\":[\"https:\/\/hidamek.ma\/?product=laine-de-verre\"]}]},{\"@type\":\"ImageObject\",\"inLanguage\":\"fr-FR\",\"@id\":\"https:\/\/hidamek.ma\/?product=laine-de-verre#primaryimage\",\"url\":\"https:\/\/hidamek.ma\/wp-content\/uploads\/2024\/03\/rouleau-laine-de-verre-supralaine-1-2-x-10-m-ep-100-mm-vendu-a-la-palette-5059340573977_01c_fr_cf.webp\",\"contentUrl\":\"https:\/\/hidamek.ma\/wp-content\/uploads\/2024\/03\/rouleau-laine-de-verre-supralaine-1-2-x-10-m-ep-100-mm-vendu-a-la-palette-5059340573977_01c_fr_cf.webp\",\"width\":618,\"height\":618},{\"@type\":\"BreadcrumbList\",\"@id\":\"https:\/\/hidamek.ma\/?product=laine-de-verre#breadcrumb\",\"itemListElement\":[{\"@type\":\"ListItem\",\"position\":1,\"name\":\"Accueil\",\"item\":\"https:\/\/hidamek.ma\/\"},{\"@type\":\"ListItem\",\"position\":2,\"name\":\"Boutique\",\"item\":\"https:\/\/hidamek.ma\/?page_id=1348\"},{\"@type\":\"ListItem\",\"position\":3,\"name\":\"Laine de verre\"}]},{\"@type\":\"WebSite\",\"@id\":\"https:\/\/hidamek.ma\/#website\",\"url\":\"https:\/\/hidamek.ma\/\",\"name\":\"HIDAMEK\",\"description\":\"Just another WordPress site\",\"publisher\":{\"@id\":\"https:\/\/hidamek.ma\/#organization\"},\"potentialAction\":[{\"@type\":\"SearchAction\",\"target\":{\"@type\":\"EntryPoint\",\"urlTemplate\":\"https:\/\/hidamek.ma\/?s={search_term_string}\"},\"query-input\":\"required name=search_term_string\"}],\"inLanguage\":\"fr-FR\"},{\"@type\":\"Organization\",\"@id\":\"https:\/\/hidamek.ma\/#organization\",\"name\":\"HIDAMEK\",\"url\":\"https:\/\/hidamek.ma\/\",\"logo\":{\"@type\":\"ImageObject\",\"inLanguage\":\"fr-FR\",\"@id\":\"https:\/\/hidamek.ma\/#\/schema\/logo\/image\/\",\"url\":\"https:\/\/hidamek.ma\/wp-content\/uploads\/2022\/03\/hidamek-logo.png\",\"contentUrl\":\"https:\/\/hidamek.ma\/wp-content\/uploads\/2022\/03\/hidamek-logo.png\",\"width\":1000,\"height\":299,\"caption\":\"HIDAMEK\"},\"image\":{\"@id\":\"https:\/\/hidamek.ma\/#\/schema\/logo\/image\/\"}}]}<\/script>\n<!-- \/ Yoast SEO plugin. -->","yoast_head_json":{"title":"Laine de verre - HIDAMEK","description":"La laine de verre est une solution d'isolation thermique et acoustique efficace fabriqu\u00e9e \u00e0 partir de fibres de verre li\u00e9es entre elles. Elle offre une excellente r\u00e9sistance \u00e0 la propagation de la chaleur et du froid, tout en absorbant efficacement les sons et en r\u00e9duisant la transmission du bruit. Disponible sous forme de rouleaux, de panneaux ou en vrac, elle peut \u00eatre utilis\u00e9e dans une vari\u00e9t\u00e9 d'applications, y compris les murs, les combles, les sols et les plafonds. Sa facilit\u00e9 d'installation, sa durabilit\u00e9 et son prix abordable en font un choix populaire pour les projets de construction r\u00e9sidentiels, commerciaux et industriels, permettant d'am\u00e9liorer le confort int\u00e9rieur et de r\u00e9aliser des \u00e9conomies d'\u00e9nergie significatives.","robots":{"index":"index","follow":"follow","max-snippet":"max-snippet:-1","max-image-preview":"max-image-preview:large","max-video-preview":"max-video-preview:-1"},"canonical":"https:\/\/hidamek.ma\/?product=laine-de-verre","og_locale":"fr_FR","og_type":"article","og_title":"Laine de verre - HIDAMEK","og_description":"La laine de verre est une solution d'isolation thermique et acoustique efficace fabriqu\u00e9e \u00e0 partir de fibres de verre li\u00e9es entre elles. Elle offre une excellente r\u00e9sistance \u00e0 la propagation de la chaleur et du froid, tout en absorbant efficacement les sons et en r\u00e9duisant la transmission du bruit. Disponible sous forme de rouleaux, de panneaux ou en vrac, elle peut \u00eatre utilis\u00e9e dans une vari\u00e9t\u00e9 d'applications, y compris les murs, les combles, les sols et les plafonds. Sa facilit\u00e9 d'installation, sa durabilit\u00e9 et son prix abordable en font un choix populaire pour les projets de construction r\u00e9sidentiels, commerciaux et industriels, permettant d'am\u00e9liorer le confort int\u00e9rieur et de r\u00e9aliser des \u00e9conomies d'\u00e9nergie significatives.","og_url":"https:\/\/hidamek.ma\/?product=laine-de-verre","og_site_name":"HIDAMEK","og_image":[{"width":618,"height":618,"url":"https:\/\/hidamek.ma\/wp-content\/uploads\/2024\/03\/rouleau-laine-de-verre-supralaine-1-2-x-10-m-ep-100-mm-vendu-a-la-palette-5059340573977_01c_fr_cf.webp","type":"image\/webp"}],"twitter_card":"summary_large_image","twitter_misc":{"Dur\u00e9e de lecture estim\u00e9e":"1 minute"},"schema":{"@context":"https:\/\/schema.org","@graph":[{"@type":"WebPage","@id":"https:\/\/hidamek.ma\/?product=laine-de-verre","url":"https:\/\/hidamek.ma\/?product=laine-de-verre","name":"Laine de verre - HIDAMEK","isPartOf":{"@id":"https:\/\/hidamek.ma\/#website"},"primaryImageOfPage":{"@id":"https:\/\/hidamek.ma\/?product=laine-de-verre#primaryimage"},"image":{"@id":"https:\/\/hidamek.ma\/?product=laine-de-verre#primaryimage"},"thumbnailUrl":"https:\/\/hidamek.ma\/wp-content\/uploads\/2024\/03\/rouleau-laine-de-verre-supralaine-1-2-x-10-m-ep-100-mm-vendu-a-la-palette-5059340573977_01c_fr_cf.webp","datePublished":"2024-03-31T02:09:05+00:00","dateModified":"2024-03-31T02:09:05+00:00","description":"La laine de verre est une solution d'isolation thermique et acoustique efficace fabriqu\u00e9e \u00e0 partir de fibres de verre li\u00e9es entre elles. Elle offre une excellente r\u00e9sistance \u00e0 la propagation de la chaleur et du froid, tout en absorbant efficacement les sons et en r\u00e9duisant la transmission du bruit. Disponible sous forme de rouleaux, de panneaux ou en vrac, elle peut \u00eatre utilis\u00e9e dans une vari\u00e9t\u00e9 d'applications, y compris les murs, les combles, les sols et les plafonds. Sa facilit\u00e9 d'installation, sa durabilit\u00e9 et son prix abordable en font un choix populaire pour les projets de construction r\u00e9sidentiels, commerciaux et industriels, permettant d'am\u00e9liorer le confort int\u00e9rieur et de r\u00e9aliser des \u00e9conomies d'\u00e9nergie significatives.","breadcrumb":{"@id":"https:\/\/hidamek.ma\/?product=laine-de-verre#breadcrumb"},"inLanguage":"fr-FR","potentialAction":[{"@type":"ReadAction","target":["https:\/\/hidamek.ma\/?product=laine-de-verre"]}]},{"@type":"ImageObject","inLanguage":"fr-FR","@id":"https:\/\/hidamek.ma\/?product=laine-de-verre#primaryimage","url":"https:\/\/hidamek.ma\/wp-content\/uploads\/2024\/03\/rouleau-laine-de-verre-supralaine-1-2-x-10-m-ep-100-mm-vendu-a-la-palette-5059340573977_01c_fr_cf.webp","contentUrl":"https:\/\/hidamek.ma\/wp-content\/uploads\/2024\/03\/rouleau-laine-de-verre-supralaine-1-2-x-10-m-ep-100-mm-vendu-a-la-palette-5059340573977_01c_fr_cf.webp","width":618,"height":618},{"@type":"BreadcrumbList","@id":"https:\/\/hidamek.ma\/?product=laine-de-verre#breadcrumb","itemListElement":[{"@type":"ListItem","position":1,"name":"Accueil","item":"https:\/\/hidamek.ma\/"},{"@type":"ListItem","position":2,"name":"Boutique","item":"https:\/\/hidamek.ma\/?page_id=1348"},{"@type":"ListItem","position":3,"name":"Laine de verre"}]},{"@type":"WebSite","@id":"https:\/\/hidamek.ma\/#website","url":"https:\/\/hidamek.ma\/","name":"HIDAMEK","description":"Just another WordPress site","publisher":{"@id":"https:\/\/hidamek.ma\/#organization"},"potentialAction":[{"@type":"SearchAction","target":{"@type":"EntryPoint","urlTemplate":"https:\/\/hidamek.ma\/?s={search_term_string}"},"query-input":"required name=search_term_string"}],"inLanguage":"fr-FR"},{"@type":"Organization","@id":"https:\/\/hidamek.ma\/#organization","name":"HIDAMEK","url":"https:\/\/hidamek.ma\/","logo":{"@type":"ImageObject","inLanguage":"fr-FR","@id":"https:\/\/hidamek.ma\/#\/schema\/logo\/image\/","url":"https:\/\/hidamek.ma\/wp-content\/uploads\/2022\/03\/hidamek-logo.png","contentUrl":"https:\/\/hidamek.ma\/wp-content\/uploads\/2022\/03\/hidamek-logo.png","width":1000,"height":299,"caption":"HIDAMEK"},"image":{"@id":"https:\/\/hidamek.ma\/#\/schema\/logo\/image\/"}}]}},"_links":{"self":[{"href":"https:\/\/hidamek.ma\/index.php?rest_route=\/wp\/v2\/product\/1492","targetHints":{"allow":["GET"]}}],"collection":[{"href":"https:\/\/hidamek.ma\/index.php?rest_route=\/wp\/v2\/product"}],"about":[{"href":"https:\/\/hidamek.ma\/index.php?rest_route=\/wp\/v2\/types\/product"}],"replies":[{"embeddable":true,"href":"https:\/\/hidamek.ma\/index.php?rest_route=%2Fwp%2Fv2%2Fcomments&post=1492"}],"wp:featuredmedia":[{"embeddable":true,"href":"https:\/\/hidamek.ma\/index.php?rest_route=\/wp\/v2\/media\/1495"}],"wp:attachment":[{"href":"https:\/\/hidamek.ma\/index.php?rest_route=%2Fwp%2Fv2%2Fmedia&parent=1492"}],"wp:term":[{"taxonomy":"product_cat","embeddable":true,"href":"https:\/\/hidamek.ma\/index.php?rest_route=%2Fwp%2Fv2%2Fproduct_cat&post=1492"},{"taxonomy":"product_tag","embeddable":true,"href":"https:\/\/hidamek.ma\/index.php?rest_route=%2Fwp%2Fv2%2Fproduct_tag&post=1492"}],"curies":[{"name":"wp","href":"https:\/\/api.w.org\/{rel}","templated":true}]}}