{"id":1500,"date":"2024-03-31T02:18:20","date_gmt":"2024-03-31T02:18:20","guid":{"rendered":"https:\/\/hidamek.ma\/?post_type=product&#038;p=1500"},"modified":"2024-03-31T14:33:53","modified_gmt":"2024-03-31T14:33:53","slug":"polystyrene-extrude-xps","status":"publish","type":"product","link":"https:\/\/hidamek.ma\/?product=polystyrene-extrude-xps","title":{"rendered":"Polystyr\u00e8ne extrud\u00e9 XPS"},"content":{"rendered":"<p>Le polystyr\u00e8ne extrud\u00e9 (XPS) est une solution d&#8217;isolation thermique efficace et polyvalente, fabriqu\u00e9e \u00e0 partir de billes de polystyr\u00e8ne expans\u00e9. Sa structure cellulaire ferm\u00e9e lui conf\u00e8re une excellente r\u00e9sistance \u00e0 l&#8217;humidit\u00e9, en plus d&#8217;une isolation thermique sup\u00e9rieure. Gr\u00e2ce \u00e0 sa rigidit\u00e9 et \u00e0 sa stabilit\u00e9 dimensionnelle, le XPS est souvent utilis\u00e9 dans les applications n\u00e9cessitant une isolation sous contrainte, telles que les fondations, les sols et les toitures. Facile \u00e0 manipuler et \u00e0 installer, ce mat\u00e9riau l\u00e9ger offre une performance isolante durable et contribue \u00e0 r\u00e9duire les pertes d&#8217;\u00e9nergie, tout en assurant un confort int\u00e9rieur optimal dans les b\u00e2timents r\u00e9sidentiels, commerciaux et industriels.<\/p>\n","protected":false},"excerpt":{"rendered":"<p>Le polystyr\u00e8ne extrud\u00e9 (XPS) est une solution d&#8217;isolation thermique efficace et polyvalente, fabriqu\u00e9e \u00e0 partir de billes de polystyr\u00e8ne expans\u00e9. Sa structure cellulaire ferm\u00e9e lui conf\u00e8re une excellente r\u00e9sistance \u00e0 l&#8217;humidit\u00e9, en plus d&#8217;une isolation thermique sup\u00e9rieure. Gr\u00e2ce \u00e0 sa rigidit\u00e9 et \u00e0 sa stabilit\u00e9 dimensionnelle, le XPS est souvent utilis\u00e9 dans les applications n\u00e9cessitant &hellip;<\/p>\n<p class=\"read-more\"> <a class=\"\" href=\"https:\/\/hidamek.ma\/?product=polystyrene-extrude-xps\"> <span class=\"screen-reader-text\">Polystyr\u00e8ne extrud\u00e9 XPS<\/span> Lire la suite\u00a0\u00bb<\/a><\/p>\n","protected":false},"featured_media":1501,"comment_status":"open","ping_status":"closed","template":"","meta":{"site-sidebar-layout":"default","site-content-layout":"default","ast-main-header-display":"","ast-hfb-above-header-display":"","ast-hfb-below-header-display":"","ast-hfb-mobile-header-display":"","site-post-title":"","ast-breadcrumbs-content":"","ast-featured-img":"","footer-sml-layout":"","theme-transparent-header-meta":"default","adv-header-id-meta":"","stick-header-meta":"","header-above-stick-meta":"","header-main-stick-meta":"","header-below-stick-meta":""},"product_cat":[33],"product_tag":[],"class_list":{"0":"post-1500","1":"product","2":"type-product","3":"status-publish","4":"has-post-thumbnail","6":"product_cat-materiaux-disolation","8":"first","9":"instock","10":"taxable","11":"shipping-taxable","12":"product-type-simple"},"yoast_head":"<!-- This site is optimized with the Yoast SEO plugin v22.3 - https:\/\/yoast.com\/wordpress\/plugins\/seo\/ -->\n<title>Polystyr\u00e8ne extrud\u00e9 XPS - HIDAMEK<\/title>\n<meta name=\"description\" content=\"Le polystyr\u00e8ne extrud\u00e9 (XPS) est une solution d&#039;isolation thermique efficace et polyvalente, fabriqu\u00e9e \u00e0 partir de billes de polystyr\u00e8ne expans\u00e9. Sa structure cellulaire ferm\u00e9e lui conf\u00e8re une excellente r\u00e9sistance \u00e0 l&#039;humidit\u00e9, en plus d&#039;une isolation thermique sup\u00e9rieure. Gr\u00e2ce \u00e0 sa rigidit\u00e9 et \u00e0 sa stabilit\u00e9 dimensionnelle, le XPS est souvent utilis\u00e9 dans les applications n\u00e9cessitant une isolation sous contrainte, telles que les fondations, les sols et les toitures. Facile \u00e0 manipuler et \u00e0 installer, ce mat\u00e9riau l\u00e9ger offre une performance isolante durable et contribue \u00e0 r\u00e9duire les pertes d&#039;\u00e9nergie, tout en assurant un confort int\u00e9rieur optimal dans les b\u00e2timents r\u00e9sidentiels, commerciaux et industriels.\" \/>\n<meta name=\"robots\" content=\"index, follow, max-snippet:-1, max-image-preview:large, max-video-preview:-1\" \/>\n<link rel=\"canonical\" href=\"https:\/\/hidamek.ma\/?product=polystyrene-extrude-xps\" \/>\n<meta property=\"og:locale\" content=\"fr_FR\" \/>\n<meta property=\"og:type\" content=\"article\" \/>\n<meta property=\"og:title\" content=\"Polystyr\u00e8ne extrud\u00e9 XPS - HIDAMEK\" \/>\n<meta property=\"og:description\" content=\"Le polystyr\u00e8ne extrud\u00e9 (XPS) est une solution d&#039;isolation thermique efficace et polyvalente, fabriqu\u00e9e \u00e0 partir de billes de polystyr\u00e8ne expans\u00e9. Sa structure cellulaire ferm\u00e9e lui conf\u00e8re une excellente r\u00e9sistance \u00e0 l&#039;humidit\u00e9, en plus d&#039;une isolation thermique sup\u00e9rieure. Gr\u00e2ce \u00e0 sa rigidit\u00e9 et \u00e0 sa stabilit\u00e9 dimensionnelle, le XPS est souvent utilis\u00e9 dans les applications n\u00e9cessitant une isolation sous contrainte, telles que les fondations, les sols et les toitures. Facile \u00e0 manipuler et \u00e0 installer, ce mat\u00e9riau l\u00e9ger offre une performance isolante durable et contribue \u00e0 r\u00e9duire les pertes d&#039;\u00e9nergie, tout en assurant un confort int\u00e9rieur optimal dans les b\u00e2timents r\u00e9sidentiels, commerciaux et industriels.\" \/>\n<meta property=\"og:url\" content=\"https:\/\/hidamek.ma\/?product=polystyrene-extrude-xps\" \/>\n<meta property=\"og:site_name\" content=\"HIDAMEK\" \/>\n<meta property=\"article:modified_time\" content=\"2024-03-31T14:33:53+00:00\" \/>\n<meta property=\"og:image\" content=\"https:\/\/hidamek.ma\/wp-content\/uploads\/2024\/03\/Extruded-polystyrene-thermal-insulation.webp\" \/>\n\t<meta property=\"og:image:width\" content=\"558\" \/>\n\t<meta property=\"og:image:height\" content=\"315\" \/>\n\t<meta property=\"og:image:type\" content=\"image\/webp\" \/>\n<meta name=\"twitter:card\" content=\"summary_large_image\" \/>\n<meta name=\"twitter:label1\" content=\"Dur\u00e9e de lecture estim\u00e9e\" \/>\n\t<meta name=\"twitter:data1\" content=\"1 minute\" \/>\n<script type=\"application\/ld+json\" class=\"yoast-schema-graph\">{\"@context\":\"https:\/\/schema.org\",\"@graph\":[{\"@type\":\"WebPage\",\"@id\":\"https:\/\/hidamek.ma\/?product=polystyrene-extrude-xps\",\"url\":\"https:\/\/hidamek.ma\/?product=polystyrene-extrude-xps\",\"name\":\"Polystyr\u00e8ne extrud\u00e9 XPS - HIDAMEK\",\"isPartOf\":{\"@id\":\"https:\/\/hidamek.ma\/#website\"},\"primaryImageOfPage\":{\"@id\":\"https:\/\/hidamek.ma\/?product=polystyrene-extrude-xps#primaryimage\"},\"image\":{\"@id\":\"https:\/\/hidamek.ma\/?product=polystyrene-extrude-xps#primaryimage\"},\"thumbnailUrl\":\"https:\/\/hidamek.ma\/wp-content\/uploads\/2024\/03\/Extruded-polystyrene-thermal-insulation.webp\",\"datePublished\":\"2024-03-31T02:18:20+00:00\",\"dateModified\":\"2024-03-31T14:33:53+00:00\",\"description\":\"Le polystyr\u00e8ne extrud\u00e9 (XPS) est une solution d'isolation thermique efficace et polyvalente, fabriqu\u00e9e \u00e0 partir de billes de polystyr\u00e8ne expans\u00e9. Sa structure cellulaire ferm\u00e9e lui conf\u00e8re une excellente r\u00e9sistance \u00e0 l'humidit\u00e9, en plus d'une isolation thermique sup\u00e9rieure. Gr\u00e2ce \u00e0 sa rigidit\u00e9 et \u00e0 sa stabilit\u00e9 dimensionnelle, le XPS est souvent utilis\u00e9 dans les applications n\u00e9cessitant une isolation sous contrainte, telles que les fondations, les sols et les toitures. Facile \u00e0 manipuler et \u00e0 installer, ce mat\u00e9riau l\u00e9ger offre une performance isolante durable et contribue \u00e0 r\u00e9duire les pertes d'\u00e9nergie, tout en assurant un confort int\u00e9rieur optimal dans les b\u00e2timents r\u00e9sidentiels, commerciaux et industriels.\",\"breadcrumb\":{\"@id\":\"https:\/\/hidamek.ma\/?product=polystyrene-extrude-xps#breadcrumb\"},\"inLanguage\":\"fr-FR\",\"potentialAction\":[{\"@type\":\"ReadAction\",\"target\":[\"https:\/\/hidamek.ma\/?product=polystyrene-extrude-xps\"]}]},{\"@type\":\"ImageObject\",\"inLanguage\":\"fr-FR\",\"@id\":\"https:\/\/hidamek.ma\/?product=polystyrene-extrude-xps#primaryimage\",\"url\":\"https:\/\/hidamek.ma\/wp-content\/uploads\/2024\/03\/Extruded-polystyrene-thermal-insulation.webp\",\"contentUrl\":\"https:\/\/hidamek.ma\/wp-content\/uploads\/2024\/03\/Extruded-polystyrene-thermal-insulation.webp\",\"width\":558,\"height\":315},{\"@type\":\"BreadcrumbList\",\"@id\":\"https:\/\/hidamek.ma\/?product=polystyrene-extrude-xps#breadcrumb\",\"itemListElement\":[{\"@type\":\"ListItem\",\"position\":1,\"name\":\"Accueil\",\"item\":\"https:\/\/hidamek.ma\/\"},{\"@type\":\"ListItem\",\"position\":2,\"name\":\"Boutique\",\"item\":\"https:\/\/hidamek.ma\/?page_id=1348\"},{\"@type\":\"ListItem\",\"position\":3,\"name\":\"Polystyr\u00e8ne extrud\u00e9 XPS\"}]},{\"@type\":\"WebSite\",\"@id\":\"https:\/\/hidamek.ma\/#website\",\"url\":\"https:\/\/hidamek.ma\/\",\"name\":\"HIDAMEK\",\"description\":\"Just another WordPress site\",\"publisher\":{\"@id\":\"https:\/\/hidamek.ma\/#organization\"},\"potentialAction\":[{\"@type\":\"SearchAction\",\"target\":{\"@type\":\"EntryPoint\",\"urlTemplate\":\"https:\/\/hidamek.ma\/?s={search_term_string}\"},\"query-input\":\"required name=search_term_string\"}],\"inLanguage\":\"fr-FR\"},{\"@type\":\"Organization\",\"@id\":\"https:\/\/hidamek.ma\/#organization\",\"name\":\"HIDAMEK\",\"url\":\"https:\/\/hidamek.ma\/\",\"logo\":{\"@type\":\"ImageObject\",\"inLanguage\":\"fr-FR\",\"@id\":\"https:\/\/hidamek.ma\/#\/schema\/logo\/image\/\",\"url\":\"https:\/\/hidamek.ma\/wp-content\/uploads\/2022\/03\/hidamek-logo.png\",\"contentUrl\":\"https:\/\/hidamek.ma\/wp-content\/uploads\/2022\/03\/hidamek-logo.png\",\"width\":1000,\"height\":299,\"caption\":\"HIDAMEK\"},\"image\":{\"@id\":\"https:\/\/hidamek.ma\/#\/schema\/logo\/image\/\"}}]}<\/script>\n<!-- \/ Yoast SEO plugin. -->","yoast_head_json":{"title":"Polystyr\u00e8ne extrud\u00e9 XPS - HIDAMEK","description":"Le polystyr\u00e8ne extrud\u00e9 (XPS) est une solution d'isolation thermique efficace et polyvalente, fabriqu\u00e9e \u00e0 partir de billes de polystyr\u00e8ne expans\u00e9. Sa structure cellulaire ferm\u00e9e lui conf\u00e8re une excellente r\u00e9sistance \u00e0 l'humidit\u00e9, en plus d'une isolation thermique sup\u00e9rieure. Gr\u00e2ce \u00e0 sa rigidit\u00e9 et \u00e0 sa stabilit\u00e9 dimensionnelle, le XPS est souvent utilis\u00e9 dans les applications n\u00e9cessitant une isolation sous contrainte, telles que les fondations, les sols et les toitures. Facile \u00e0 manipuler et \u00e0 installer, ce mat\u00e9riau l\u00e9ger offre une performance isolante durable et contribue \u00e0 r\u00e9duire les pertes d'\u00e9nergie, tout en assurant un confort int\u00e9rieur optimal dans les b\u00e2timents r\u00e9sidentiels, commerciaux et industriels.","robots":{"index":"index","follow":"follow","max-snippet":"max-snippet:-1","max-image-preview":"max-image-preview:large","max-video-preview":"max-video-preview:-1"},"canonical":"https:\/\/hidamek.ma\/?product=polystyrene-extrude-xps","og_locale":"fr_FR","og_type":"article","og_title":"Polystyr\u00e8ne extrud\u00e9 XPS - HIDAMEK","og_description":"Le polystyr\u00e8ne extrud\u00e9 (XPS) est une solution d'isolation thermique efficace et polyvalente, fabriqu\u00e9e \u00e0 partir de billes de polystyr\u00e8ne expans\u00e9. Sa structure cellulaire ferm\u00e9e lui conf\u00e8re une excellente r\u00e9sistance \u00e0 l'humidit\u00e9, en plus d'une isolation thermique sup\u00e9rieure. Gr\u00e2ce \u00e0 sa rigidit\u00e9 et \u00e0 sa stabilit\u00e9 dimensionnelle, le XPS est souvent utilis\u00e9 dans les applications n\u00e9cessitant une isolation sous contrainte, telles que les fondations, les sols et les toitures. Facile \u00e0 manipuler et \u00e0 installer, ce mat\u00e9riau l\u00e9ger offre une performance isolante durable et contribue \u00e0 r\u00e9duire les pertes d'\u00e9nergie, tout en assurant un confort int\u00e9rieur optimal dans les b\u00e2timents r\u00e9sidentiels, commerciaux et industriels.","og_url":"https:\/\/hidamek.ma\/?product=polystyrene-extrude-xps","og_site_name":"HIDAMEK","article_modified_time":"2024-03-31T14:33:53+00:00","og_image":[{"width":558,"height":315,"url":"https:\/\/hidamek.ma\/wp-content\/uploads\/2024\/03\/Extruded-polystyrene-thermal-insulation.webp","type":"image\/webp"}],"twitter_card":"summary_large_image","twitter_misc":{"Dur\u00e9e de lecture estim\u00e9e":"1 minute"},"schema":{"@context":"https:\/\/schema.org","@graph":[{"@type":"WebPage","@id":"https:\/\/hidamek.ma\/?product=polystyrene-extrude-xps","url":"https:\/\/hidamek.ma\/?product=polystyrene-extrude-xps","name":"Polystyr\u00e8ne extrud\u00e9 XPS - HIDAMEK","isPartOf":{"@id":"https:\/\/hidamek.ma\/#website"},"primaryImageOfPage":{"@id":"https:\/\/hidamek.ma\/?product=polystyrene-extrude-xps#primaryimage"},"image":{"@id":"https:\/\/hidamek.ma\/?product=polystyrene-extrude-xps#primaryimage"},"thumbnailUrl":"https:\/\/hidamek.ma\/wp-content\/uploads\/2024\/03\/Extruded-polystyrene-thermal-insulation.webp","datePublished":"2024-03-31T02:18:20+00:00","dateModified":"2024-03-31T14:33:53+00:00","description":"Le polystyr\u00e8ne extrud\u00e9 (XPS) est une solution d'isolation thermique efficace et polyvalente, fabriqu\u00e9e \u00e0 partir de billes de polystyr\u00e8ne expans\u00e9. Sa structure cellulaire ferm\u00e9e lui conf\u00e8re une excellente r\u00e9sistance \u00e0 l'humidit\u00e9, en plus d'une isolation thermique sup\u00e9rieure. Gr\u00e2ce \u00e0 sa rigidit\u00e9 et \u00e0 sa stabilit\u00e9 dimensionnelle, le XPS est souvent utilis\u00e9 dans les applications n\u00e9cessitant une isolation sous contrainte, telles que les fondations, les sols et les toitures. Facile \u00e0 manipuler et \u00e0 installer, ce mat\u00e9riau l\u00e9ger offre une performance isolante durable et contribue \u00e0 r\u00e9duire les pertes d'\u00e9nergie, tout en assurant un confort int\u00e9rieur optimal dans les b\u00e2timents r\u00e9sidentiels, commerciaux et industriels.","breadcrumb":{"@id":"https:\/\/hidamek.ma\/?product=polystyrene-extrude-xps#breadcrumb"},"inLanguage":"fr-FR","potentialAction":[{"@type":"ReadAction","target":["https:\/\/hidamek.ma\/?product=polystyrene-extrude-xps"]}]},{"@type":"ImageObject","inLanguage":"fr-FR","@id":"https:\/\/hidamek.ma\/?product=polystyrene-extrude-xps#primaryimage","url":"https:\/\/hidamek.ma\/wp-content\/uploads\/2024\/03\/Extruded-polystyrene-thermal-insulation.webp","contentUrl":"https:\/\/hidamek.ma\/wp-content\/uploads\/2024\/03\/Extruded-polystyrene-thermal-insulation.webp","width":558,"height":315},{"@type":"BreadcrumbList","@id":"https:\/\/hidamek.ma\/?product=polystyrene-extrude-xps#breadcrumb","itemListElement":[{"@type":"ListItem","position":1,"name":"Accueil","item":"https:\/\/hidamek.ma\/"},{"@type":"ListItem","position":2,"name":"Boutique","item":"https:\/\/hidamek.ma\/?page_id=1348"},{"@type":"ListItem","position":3,"name":"Polystyr\u00e8ne extrud\u00e9 XPS"}]},{"@type":"WebSite","@id":"https:\/\/hidamek.ma\/#website","url":"https:\/\/hidamek.ma\/","name":"HIDAMEK","description":"Just another WordPress site","publisher":{"@id":"https:\/\/hidamek.ma\/#organization"},"potentialAction":[{"@type":"SearchAction","target":{"@type":"EntryPoint","urlTemplate":"https:\/\/hidamek.ma\/?s={search_term_string}"},"query-input":"required name=search_term_string"}],"inLanguage":"fr-FR"},{"@type":"Organization","@id":"https:\/\/hidamek.ma\/#organization","name":"HIDAMEK","url":"https:\/\/hidamek.ma\/","logo":{"@type":"ImageObject","inLanguage":"fr-FR","@id":"https:\/\/hidamek.ma\/#\/schema\/logo\/image\/","url":"https:\/\/hidamek.ma\/wp-content\/uploads\/2022\/03\/hidamek-logo.png","contentUrl":"https:\/\/hidamek.ma\/wp-content\/uploads\/2022\/03\/hidamek-logo.png","width":1000,"height":299,"caption":"HIDAMEK"},"image":{"@id":"https:\/\/hidamek.ma\/#\/schema\/logo\/image\/"}}]}},"_links":{"self":[{"href":"https:\/\/hidamek.ma\/index.php?rest_route=\/wp\/v2\/product\/1500","targetHints":{"allow":["GET"]}}],"collection":[{"href":"https:\/\/hidamek.ma\/index.php?rest_route=\/wp\/v2\/product"}],"about":[{"href":"https:\/\/hidamek.ma\/index.php?rest_route=\/wp\/v2\/types\/product"}],"replies":[{"embeddable":true,"href":"https:\/\/hidamek.ma\/index.php?rest_route=%2Fwp%2Fv2%2Fcomments&post=1500"}],"wp:featuredmedia":[{"embeddable":true,"href":"https:\/\/hidamek.ma\/index.php?rest_route=\/wp\/v2\/media\/1501"}],"wp:attachment":[{"href":"https:\/\/hidamek.ma\/index.php?rest_route=%2Fwp%2Fv2%2Fmedia&parent=1500"}],"wp:term":[{"taxonomy":"product_cat","embeddable":true,"href":"https:\/\/hidamek.ma\/index.php?rest_route=%2Fwp%2Fv2%2Fproduct_cat&post=1500"},{"taxonomy":"product_tag","embeddable":true,"href":"https:\/\/hidamek.ma\/index.php?rest_route=%2Fwp%2Fv2%2Fproduct_tag&post=1500"}],"curies":[{"name":"wp","href":"https:\/\/api.w.org\/{rel}","templated":true}]}}