{"id":1507,"date":"2024-03-31T02:29:30","date_gmt":"2024-03-31T02:29:30","guid":{"rendered":"https:\/\/hidamek.ma\/?post_type=product&#038;p=1507"},"modified":"2024-03-31T02:29:30","modified_gmt":"2024-03-31T02:29:30","slug":"polyurethane-pir","status":"publish","type":"product","link":"https:\/\/hidamek.ma\/?product=polyurethane-pir","title":{"rendered":"Polyur\u00e9thane PIR"},"content":{"rendered":"<p>Le polyur\u00e9thane PIR (Polyisocyanurate) est un mat\u00e9riau d&#8217;isolation thermique hautement performant, fabriqu\u00e9 en combinant des polyols et des isocyanates. Sa structure cellulaire ferm\u00e9e lui conf\u00e8re une excellente r\u00e9sistance thermique, ce qui en fait l&#8217;un des mat\u00e9riaux d&#8217;isolation les plus efficaces disponibles sur le march\u00e9. Le PIR est \u00e9galement l\u00e9ger, durable et r\u00e9sistant \u00e0 l&#8217;humidit\u00e9, ce qui le rend adapt\u00e9 \u00e0 une utilisation dans diverses applications, y compris les murs, les toitures et les sols. Gr\u00e2ce \u00e0 sa facilit\u00e9 d&#8217;installation et \u00e0 ses excellentes performances d&#8217;isolation, le polyur\u00e9thane PIR contribue \u00e0 r\u00e9duire les pertes d&#8217;\u00e9nergie et \u00e0 am\u00e9liorer l&#8217;efficacit\u00e9 \u00e9nerg\u00e9tique des b\u00e2timents r\u00e9sidentiels, commerciaux et industriels.<\/p>\n","protected":false},"excerpt":{"rendered":"<p>Le polyur\u00e9thane PIR (Polyisocyanurate) est un mat\u00e9riau d&#8217;isolation thermique hautement performant, fabriqu\u00e9 en combinant des polyols et des isocyanates. Sa structure cellulaire ferm\u00e9e lui conf\u00e8re une excellente r\u00e9sistance thermique, ce qui en fait l&#8217;un des mat\u00e9riaux d&#8217;isolation les plus efficaces disponibles sur le march\u00e9. Le PIR est \u00e9galement l\u00e9ger, durable et r\u00e9sistant \u00e0 l&#8217;humidit\u00e9, ce &hellip;<\/p>\n<p class=\"read-more\"> <a class=\"\" href=\"https:\/\/hidamek.ma\/?product=polyurethane-pir\"> <span class=\"screen-reader-text\">Polyur\u00e9thane PIR<\/span> Lire la suite\u00a0\u00bb<\/a><\/p>\n","protected":false},"featured_media":1508,"comment_status":"open","ping_status":"closed","template":"","meta":{"site-sidebar-layout":"default","site-content-layout":"default","ast-main-header-display":"","ast-hfb-above-header-display":"","ast-hfb-below-header-display":"","ast-hfb-mobile-header-display":"","site-post-title":"","ast-breadcrumbs-content":"","ast-featured-img":"","footer-sml-layout":"","theme-transparent-header-meta":"default","adv-header-id-meta":"","stick-header-meta":"","header-above-stick-meta":"","header-main-stick-meta":"","header-below-stick-meta":""},"product_cat":[33],"product_tag":[],"class_list":{"0":"post-1507","1":"product","2":"type-product","3":"status-publish","4":"has-post-thumbnail","6":"product_cat-materiaux-disolation","8":"first","9":"instock","10":"taxable","11":"shipping-taxable","12":"product-type-simple"},"yoast_head":"<!-- This site is optimized with the Yoast SEO plugin v22.3 - https:\/\/yoast.com\/wordpress\/plugins\/seo\/ -->\n<title>Polyur\u00e9thane PIR - HIDAMEK<\/title>\n<meta name=\"description\" content=\"Le polyur\u00e9thane PIR (Polyisocyanurate) est un mat\u00e9riau d&#039;isolation thermique hautement performant, fabriqu\u00e9 en combinant des polyols et des isocyanates. Sa structure cellulaire ferm\u00e9e lui conf\u00e8re une excellente r\u00e9sistance thermique, ce qui en fait l&#039;un des mat\u00e9riaux d&#039;isolation les plus efficaces disponibles sur le march\u00e9. Le PIR est \u00e9galement l\u00e9ger, durable et r\u00e9sistant \u00e0 l&#039;humidit\u00e9, ce qui le rend adapt\u00e9 \u00e0 une utilisation dans diverses applications, y compris les murs, les toitures et les sols. Gr\u00e2ce \u00e0 sa facilit\u00e9 d&#039;installation et \u00e0 ses excellentes performances d&#039;isolation, le polyur\u00e9thane PIR contribue \u00e0 r\u00e9duire les pertes d&#039;\u00e9nergie et \u00e0 am\u00e9liorer l&#039;efficacit\u00e9 \u00e9nerg\u00e9tique des b\u00e2timents r\u00e9sidentiels, commerciaux et industriels.\" \/>\n<meta name=\"robots\" content=\"index, follow, max-snippet:-1, max-image-preview:large, max-video-preview:-1\" \/>\n<link rel=\"canonical\" href=\"https:\/\/hidamek.ma\/?product=polyurethane-pir\" \/>\n<meta property=\"og:locale\" content=\"fr_FR\" \/>\n<meta property=\"og:type\" content=\"article\" \/>\n<meta property=\"og:title\" content=\"Polyur\u00e9thane PIR - HIDAMEK\" \/>\n<meta property=\"og:description\" content=\"Le polyur\u00e9thane PIR (Polyisocyanurate) est un mat\u00e9riau d&#039;isolation thermique hautement performant, fabriqu\u00e9 en combinant des polyols et des isocyanates. Sa structure cellulaire ferm\u00e9e lui conf\u00e8re une excellente r\u00e9sistance thermique, ce qui en fait l&#039;un des mat\u00e9riaux d&#039;isolation les plus efficaces disponibles sur le march\u00e9. Le PIR est \u00e9galement l\u00e9ger, durable et r\u00e9sistant \u00e0 l&#039;humidit\u00e9, ce qui le rend adapt\u00e9 \u00e0 une utilisation dans diverses applications, y compris les murs, les toitures et les sols. Gr\u00e2ce \u00e0 sa facilit\u00e9 d&#039;installation et \u00e0 ses excellentes performances d&#039;isolation, le polyur\u00e9thane PIR contribue \u00e0 r\u00e9duire les pertes d&#039;\u00e9nergie et \u00e0 am\u00e9liorer l&#039;efficacit\u00e9 \u00e9nerg\u00e9tique des b\u00e2timents r\u00e9sidentiels, commerciaux et industriels.\" \/>\n<meta property=\"og:url\" content=\"https:\/\/hidamek.ma\/?product=polyurethane-pir\" \/>\n<meta property=\"og:site_name\" content=\"HIDAMEK\" \/>\n<meta property=\"og:image\" content=\"https:\/\/hidamek.ma\/wp-content\/uploads\/2024\/03\/pir-light-wall-sandwich-panel-polyurethane.jpg\" \/>\n\t<meta property=\"og:image:width\" content=\"654\" \/>\n\t<meta property=\"og:image:height\" content=\"654\" \/>\n\t<meta property=\"og:image:type\" content=\"image\/jpeg\" \/>\n<meta name=\"twitter:card\" content=\"summary_large_image\" \/>\n<meta name=\"twitter:label1\" content=\"Dur\u00e9e de lecture estim\u00e9e\" \/>\n\t<meta name=\"twitter:data1\" content=\"1 minute\" \/>\n<script type=\"application\/ld+json\" class=\"yoast-schema-graph\">{\"@context\":\"https:\/\/schema.org\",\"@graph\":[{\"@type\":\"WebPage\",\"@id\":\"https:\/\/hidamek.ma\/?product=polyurethane-pir\",\"url\":\"https:\/\/hidamek.ma\/?product=polyurethane-pir\",\"name\":\"Polyur\u00e9thane PIR - HIDAMEK\",\"isPartOf\":{\"@id\":\"https:\/\/hidamek.ma\/#website\"},\"primaryImageOfPage\":{\"@id\":\"https:\/\/hidamek.ma\/?product=polyurethane-pir#primaryimage\"},\"image\":{\"@id\":\"https:\/\/hidamek.ma\/?product=polyurethane-pir#primaryimage\"},\"thumbnailUrl\":\"https:\/\/hidamek.ma\/wp-content\/uploads\/2024\/03\/pir-light-wall-sandwich-panel-polyurethane.jpg\",\"datePublished\":\"2024-03-31T02:29:30+00:00\",\"dateModified\":\"2024-03-31T02:29:30+00:00\",\"description\":\"Le polyur\u00e9thane PIR (Polyisocyanurate) est un mat\u00e9riau d'isolation thermique hautement performant, fabriqu\u00e9 en combinant des polyols et des isocyanates. Sa structure cellulaire ferm\u00e9e lui conf\u00e8re une excellente r\u00e9sistance thermique, ce qui en fait l'un des mat\u00e9riaux d'isolation les plus efficaces disponibles sur le march\u00e9. Le PIR est \u00e9galement l\u00e9ger, durable et r\u00e9sistant \u00e0 l'humidit\u00e9, ce qui le rend adapt\u00e9 \u00e0 une utilisation dans diverses applications, y compris les murs, les toitures et les sols. Gr\u00e2ce \u00e0 sa facilit\u00e9 d'installation et \u00e0 ses excellentes performances d'isolation, le polyur\u00e9thane PIR contribue \u00e0 r\u00e9duire les pertes d'\u00e9nergie et \u00e0 am\u00e9liorer l'efficacit\u00e9 \u00e9nerg\u00e9tique des b\u00e2timents r\u00e9sidentiels, commerciaux et industriels.\",\"breadcrumb\":{\"@id\":\"https:\/\/hidamek.ma\/?product=polyurethane-pir#breadcrumb\"},\"inLanguage\":\"fr-FR\",\"potentialAction\":[{\"@type\":\"ReadAction\",\"target\":[\"https:\/\/hidamek.ma\/?product=polyurethane-pir\"]}]},{\"@type\":\"ImageObject\",\"inLanguage\":\"fr-FR\",\"@id\":\"https:\/\/hidamek.ma\/?product=polyurethane-pir#primaryimage\",\"url\":\"https:\/\/hidamek.ma\/wp-content\/uploads\/2024\/03\/pir-light-wall-sandwich-panel-polyurethane.jpg\",\"contentUrl\":\"https:\/\/hidamek.ma\/wp-content\/uploads\/2024\/03\/pir-light-wall-sandwich-panel-polyurethane.jpg\",\"width\":654,\"height\":654},{\"@type\":\"BreadcrumbList\",\"@id\":\"https:\/\/hidamek.ma\/?product=polyurethane-pir#breadcrumb\",\"itemListElement\":[{\"@type\":\"ListItem\",\"position\":1,\"name\":\"Accueil\",\"item\":\"https:\/\/hidamek.ma\/\"},{\"@type\":\"ListItem\",\"position\":2,\"name\":\"Boutique\",\"item\":\"https:\/\/hidamek.ma\/?page_id=1348\"},{\"@type\":\"ListItem\",\"position\":3,\"name\":\"Polyur\u00e9thane PIR\"}]},{\"@type\":\"WebSite\",\"@id\":\"https:\/\/hidamek.ma\/#website\",\"url\":\"https:\/\/hidamek.ma\/\",\"name\":\"HIDAMEK\",\"description\":\"Just another WordPress site\",\"publisher\":{\"@id\":\"https:\/\/hidamek.ma\/#organization\"},\"potentialAction\":[{\"@type\":\"SearchAction\",\"target\":{\"@type\":\"EntryPoint\",\"urlTemplate\":\"https:\/\/hidamek.ma\/?s={search_term_string}\"},\"query-input\":\"required name=search_term_string\"}],\"inLanguage\":\"fr-FR\"},{\"@type\":\"Organization\",\"@id\":\"https:\/\/hidamek.ma\/#organization\",\"name\":\"HIDAMEK\",\"url\":\"https:\/\/hidamek.ma\/\",\"logo\":{\"@type\":\"ImageObject\",\"inLanguage\":\"fr-FR\",\"@id\":\"https:\/\/hidamek.ma\/#\/schema\/logo\/image\/\",\"url\":\"https:\/\/hidamek.ma\/wp-content\/uploads\/2022\/03\/hidamek-logo.png\",\"contentUrl\":\"https:\/\/hidamek.ma\/wp-content\/uploads\/2022\/03\/hidamek-logo.png\",\"width\":1000,\"height\":299,\"caption\":\"HIDAMEK\"},\"image\":{\"@id\":\"https:\/\/hidamek.ma\/#\/schema\/logo\/image\/\"}}]}<\/script>\n<!-- \/ Yoast SEO plugin. -->","yoast_head_json":{"title":"Polyur\u00e9thane PIR - HIDAMEK","description":"Le polyur\u00e9thane PIR (Polyisocyanurate) est un mat\u00e9riau d'isolation thermique hautement performant, fabriqu\u00e9 en combinant des polyols et des isocyanates. Sa structure cellulaire ferm\u00e9e lui conf\u00e8re une excellente r\u00e9sistance thermique, ce qui en fait l'un des mat\u00e9riaux d'isolation les plus efficaces disponibles sur le march\u00e9. Le PIR est \u00e9galement l\u00e9ger, durable et r\u00e9sistant \u00e0 l'humidit\u00e9, ce qui le rend adapt\u00e9 \u00e0 une utilisation dans diverses applications, y compris les murs, les toitures et les sols. Gr\u00e2ce \u00e0 sa facilit\u00e9 d'installation et \u00e0 ses excellentes performances d'isolation, le polyur\u00e9thane PIR contribue \u00e0 r\u00e9duire les pertes d'\u00e9nergie et \u00e0 am\u00e9liorer l'efficacit\u00e9 \u00e9nerg\u00e9tique des b\u00e2timents r\u00e9sidentiels, commerciaux et industriels.","robots":{"index":"index","follow":"follow","max-snippet":"max-snippet:-1","max-image-preview":"max-image-preview:large","max-video-preview":"max-video-preview:-1"},"canonical":"https:\/\/hidamek.ma\/?product=polyurethane-pir","og_locale":"fr_FR","og_type":"article","og_title":"Polyur\u00e9thane PIR - HIDAMEK","og_description":"Le polyur\u00e9thane PIR (Polyisocyanurate) est un mat\u00e9riau d'isolation thermique hautement performant, fabriqu\u00e9 en combinant des polyols et des isocyanates. Sa structure cellulaire ferm\u00e9e lui conf\u00e8re une excellente r\u00e9sistance thermique, ce qui en fait l'un des mat\u00e9riaux d'isolation les plus efficaces disponibles sur le march\u00e9. Le PIR est \u00e9galement l\u00e9ger, durable et r\u00e9sistant \u00e0 l'humidit\u00e9, ce qui le rend adapt\u00e9 \u00e0 une utilisation dans diverses applications, y compris les murs, les toitures et les sols. Gr\u00e2ce \u00e0 sa facilit\u00e9 d'installation et \u00e0 ses excellentes performances d'isolation, le polyur\u00e9thane PIR contribue \u00e0 r\u00e9duire les pertes d'\u00e9nergie et \u00e0 am\u00e9liorer l'efficacit\u00e9 \u00e9nerg\u00e9tique des b\u00e2timents r\u00e9sidentiels, commerciaux et industriels.","og_url":"https:\/\/hidamek.ma\/?product=polyurethane-pir","og_site_name":"HIDAMEK","og_image":[{"width":654,"height":654,"url":"https:\/\/hidamek.ma\/wp-content\/uploads\/2024\/03\/pir-light-wall-sandwich-panel-polyurethane.jpg","type":"image\/jpeg"}],"twitter_card":"summary_large_image","twitter_misc":{"Dur\u00e9e de lecture estim\u00e9e":"1 minute"},"schema":{"@context":"https:\/\/schema.org","@graph":[{"@type":"WebPage","@id":"https:\/\/hidamek.ma\/?product=polyurethane-pir","url":"https:\/\/hidamek.ma\/?product=polyurethane-pir","name":"Polyur\u00e9thane PIR - HIDAMEK","isPartOf":{"@id":"https:\/\/hidamek.ma\/#website"},"primaryImageOfPage":{"@id":"https:\/\/hidamek.ma\/?product=polyurethane-pir#primaryimage"},"image":{"@id":"https:\/\/hidamek.ma\/?product=polyurethane-pir#primaryimage"},"thumbnailUrl":"https:\/\/hidamek.ma\/wp-content\/uploads\/2024\/03\/pir-light-wall-sandwich-panel-polyurethane.jpg","datePublished":"2024-03-31T02:29:30+00:00","dateModified":"2024-03-31T02:29:30+00:00","description":"Le polyur\u00e9thane PIR (Polyisocyanurate) est un mat\u00e9riau d'isolation thermique hautement performant, fabriqu\u00e9 en combinant des polyols et des isocyanates. Sa structure cellulaire ferm\u00e9e lui conf\u00e8re une excellente r\u00e9sistance thermique, ce qui en fait l'un des mat\u00e9riaux d'isolation les plus efficaces disponibles sur le march\u00e9. Le PIR est \u00e9galement l\u00e9ger, durable et r\u00e9sistant \u00e0 l'humidit\u00e9, ce qui le rend adapt\u00e9 \u00e0 une utilisation dans diverses applications, y compris les murs, les toitures et les sols. Gr\u00e2ce \u00e0 sa facilit\u00e9 d'installation et \u00e0 ses excellentes performances d'isolation, le polyur\u00e9thane PIR contribue \u00e0 r\u00e9duire les pertes d'\u00e9nergie et \u00e0 am\u00e9liorer l'efficacit\u00e9 \u00e9nerg\u00e9tique des b\u00e2timents r\u00e9sidentiels, commerciaux et industriels.","breadcrumb":{"@id":"https:\/\/hidamek.ma\/?product=polyurethane-pir#breadcrumb"},"inLanguage":"fr-FR","potentialAction":[{"@type":"ReadAction","target":["https:\/\/hidamek.ma\/?product=polyurethane-pir"]}]},{"@type":"ImageObject","inLanguage":"fr-FR","@id":"https:\/\/hidamek.ma\/?product=polyurethane-pir#primaryimage","url":"https:\/\/hidamek.ma\/wp-content\/uploads\/2024\/03\/pir-light-wall-sandwich-panel-polyurethane.jpg","contentUrl":"https:\/\/hidamek.ma\/wp-content\/uploads\/2024\/03\/pir-light-wall-sandwich-panel-polyurethane.jpg","width":654,"height":654},{"@type":"BreadcrumbList","@id":"https:\/\/hidamek.ma\/?product=polyurethane-pir#breadcrumb","itemListElement":[{"@type":"ListItem","position":1,"name":"Accueil","item":"https:\/\/hidamek.ma\/"},{"@type":"ListItem","position":2,"name":"Boutique","item":"https:\/\/hidamek.ma\/?page_id=1348"},{"@type":"ListItem","position":3,"name":"Polyur\u00e9thane PIR"}]},{"@type":"WebSite","@id":"https:\/\/hidamek.ma\/#website","url":"https:\/\/hidamek.ma\/","name":"HIDAMEK","description":"Just another WordPress site","publisher":{"@id":"https:\/\/hidamek.ma\/#organization"},"potentialAction":[{"@type":"SearchAction","target":{"@type":"EntryPoint","urlTemplate":"https:\/\/hidamek.ma\/?s={search_term_string}"},"query-input":"required name=search_term_string"}],"inLanguage":"fr-FR"},{"@type":"Organization","@id":"https:\/\/hidamek.ma\/#organization","name":"HIDAMEK","url":"https:\/\/hidamek.ma\/","logo":{"@type":"ImageObject","inLanguage":"fr-FR","@id":"https:\/\/hidamek.ma\/#\/schema\/logo\/image\/","url":"https:\/\/hidamek.ma\/wp-content\/uploads\/2022\/03\/hidamek-logo.png","contentUrl":"https:\/\/hidamek.ma\/wp-content\/uploads\/2022\/03\/hidamek-logo.png","width":1000,"height":299,"caption":"HIDAMEK"},"image":{"@id":"https:\/\/hidamek.ma\/#\/schema\/logo\/image\/"}}]}},"_links":{"self":[{"href":"https:\/\/hidamek.ma\/index.php?rest_route=\/wp\/v2\/product\/1507","targetHints":{"allow":["GET"]}}],"collection":[{"href":"https:\/\/hidamek.ma\/index.php?rest_route=\/wp\/v2\/product"}],"about":[{"href":"https:\/\/hidamek.ma\/index.php?rest_route=\/wp\/v2\/types\/product"}],"replies":[{"embeddable":true,"href":"https:\/\/hidamek.ma\/index.php?rest_route=%2Fwp%2Fv2%2Fcomments&post=1507"}],"wp:featuredmedia":[{"embeddable":true,"href":"https:\/\/hidamek.ma\/index.php?rest_route=\/wp\/v2\/media\/1508"}],"wp:attachment":[{"href":"https:\/\/hidamek.ma\/index.php?rest_route=%2Fwp%2Fv2%2Fmedia&parent=1507"}],"wp:term":[{"taxonomy":"product_cat","embeddable":true,"href":"https:\/\/hidamek.ma\/index.php?rest_route=%2Fwp%2Fv2%2Fproduct_cat&post=1507"},{"taxonomy":"product_tag","embeddable":true,"href":"https:\/\/hidamek.ma\/index.php?rest_route=%2Fwp%2Fv2%2Fproduct_tag&post=1507"}],"curies":[{"name":"wp","href":"https:\/\/api.w.org\/{rel}","templated":true}]}}