{"id":1523,"date":"2024-03-31T14:25:04","date_gmt":"2024-03-31T14:25:04","guid":{"rendered":"https:\/\/hidamek.ma\/?post_type=product&#038;p=1523"},"modified":"2024-03-31T14:25:04","modified_gmt":"2024-03-31T14:25:04","slug":"stores-enrouleurs","status":"publish","type":"product","link":"https:\/\/hidamek.ma\/?product=stores-enrouleurs","title":{"rendered":"Stores enrouleurs"},"content":{"rendered":"<p>Les stores enrouleurs sont des solutions de fen\u00eatres polyvalentes et \u00e9l\u00e9gantes qui offrent \u00e0 la fois fonctionnalit\u00e9 et esth\u00e9tique. Fabriqu\u00e9s \u00e0 partir de tissus vari\u00e9s comme le polyester ou le coton, ces stores peuvent \u00eatre adapt\u00e9s \u00e0 diff\u00e9rents styles de d\u00e9coration et de besoins en mati\u00e8re de luminosit\u00e9 et d&#8217;intimit\u00e9. Leur m\u00e9canisme d&#8217;enroulement permet un contr\u00f4le pr\u00e9cis de la lumi\u00e8re entrante et de l&#8217;intimit\u00e9, tandis que leur design \u00e9pur\u00e9 et minimaliste s&#8217;int\u00e8gre harmonieusement dans n&#8217;importe quel espace. Faciles \u00e0 installer et \u00e0 entretenir, les stores enrouleurs sont des choix populaires pour les maisons, les bureaux et les espaces commerciaux \u00e0 la recherche d&#8217;une solution de fen\u00eatre fonctionnelle et esth\u00e9tique.<\/p>\n","protected":false},"excerpt":{"rendered":"<p>Les stores enrouleurs sont des solutions de fen\u00eatres polyvalentes et \u00e9l\u00e9gantes qui offrent \u00e0 la fois fonctionnalit\u00e9 et esth\u00e9tique. Fabriqu\u00e9s \u00e0 partir de tissus vari\u00e9s comme le polyester ou le coton, ces stores peuvent \u00eatre adapt\u00e9s \u00e0 diff\u00e9rents styles de d\u00e9coration et de besoins en mati\u00e8re de luminosit\u00e9 et d&#8217;intimit\u00e9. Leur m\u00e9canisme d&#8217;enroulement permet un &hellip;<\/p>\n<p class=\"read-more\"> <a class=\"\" href=\"https:\/\/hidamek.ma\/?product=stores-enrouleurs\"> <span class=\"screen-reader-text\">Stores enrouleurs<\/span> Lire la suite\u00a0\u00bb<\/a><\/p>\n","protected":false},"featured_media":1526,"comment_status":"open","ping_status":"closed","template":"","meta":{"site-sidebar-layout":"default","site-content-layout":"default","ast-main-header-display":"","ast-hfb-above-header-display":"","ast-hfb-below-header-display":"","ast-hfb-mobile-header-display":"","site-post-title":"","ast-breadcrumbs-content":"","ast-featured-img":"","footer-sml-layout":"","theme-transparent-header-meta":"default","adv-header-id-meta":"","stick-header-meta":"","header-above-stick-meta":"","header-main-stick-meta":"","header-below-stick-meta":""},"product_cat":[34,48],"product_tag":[],"class_list":{"0":"post-1523","1":"product","2":"type-product","3":"status-publish","4":"has-post-thumbnail","6":"product_cat-stores","7":"product_cat-stores-enrouleurs","9":"first","10":"instock","11":"taxable","12":"shipping-taxable","13":"product-type-simple"},"yoast_head":"<!-- This site is optimized with the Yoast SEO plugin v22.3 - https:\/\/yoast.com\/wordpress\/plugins\/seo\/ -->\n<title>Stores enrouleurs - HIDAMEK<\/title>\n<meta name=\"description\" content=\"Les stores enrouleurs sont des solutions de fen\u00eatres polyvalentes et \u00e9l\u00e9gantes qui offrent \u00e0 la fois fonctionnalit\u00e9 et esth\u00e9tique. Fabriqu\u00e9s \u00e0 partir de tissus vari\u00e9s comme le polyester ou le coton, ces stores peuvent \u00eatre adapt\u00e9s \u00e0 diff\u00e9rents styles de d\u00e9coration et de besoins en mati\u00e8re de luminosit\u00e9 et d&#039;intimit\u00e9. Leur m\u00e9canisme d&#039;enroulement permet un contr\u00f4le pr\u00e9cis de la lumi\u00e8re entrante et de l&#039;intimit\u00e9, tandis que leur design \u00e9pur\u00e9 et minimaliste s&#039;int\u00e8gre harmonieusement dans n&#039;importe quel espace. Faciles \u00e0 installer et \u00e0 entretenir, les stores enrouleurs sont des choix populaires pour les maisons, les bureaux et les espaces commerciaux \u00e0 la recherche d&#039;une solution de fen\u00eatre fonctionnelle et esth\u00e9tique.\" \/>\n<meta name=\"robots\" content=\"index, follow, max-snippet:-1, max-image-preview:large, max-video-preview:-1\" \/>\n<link rel=\"canonical\" href=\"https:\/\/hidamek.ma\/?product=stores-enrouleurs\" \/>\n<meta property=\"og:locale\" content=\"fr_FR\" \/>\n<meta property=\"og:type\" content=\"article\" \/>\n<meta property=\"og:title\" content=\"Stores enrouleurs - HIDAMEK\" \/>\n<meta property=\"og:description\" content=\"Les stores enrouleurs sont des solutions de fen\u00eatres polyvalentes et \u00e9l\u00e9gantes qui offrent \u00e0 la fois fonctionnalit\u00e9 et esth\u00e9tique. Fabriqu\u00e9s \u00e0 partir de tissus vari\u00e9s comme le polyester ou le coton, ces stores peuvent \u00eatre adapt\u00e9s \u00e0 diff\u00e9rents styles de d\u00e9coration et de besoins en mati\u00e8re de luminosit\u00e9 et d&#039;intimit\u00e9. Leur m\u00e9canisme d&#039;enroulement permet un contr\u00f4le pr\u00e9cis de la lumi\u00e8re entrante et de l&#039;intimit\u00e9, tandis que leur design \u00e9pur\u00e9 et minimaliste s&#039;int\u00e8gre harmonieusement dans n&#039;importe quel espace. Faciles \u00e0 installer et \u00e0 entretenir, les stores enrouleurs sont des choix populaires pour les maisons, les bureaux et les espaces commerciaux \u00e0 la recherche d&#039;une solution de fen\u00eatre fonctionnelle et esth\u00e9tique.\" \/>\n<meta property=\"og:url\" content=\"https:\/\/hidamek.ma\/?product=stores-enrouleurs\" \/>\n<meta property=\"og:site_name\" content=\"HIDAMEK\" \/>\n<meta property=\"og:image\" content=\"https:\/\/hidamek.ma\/wp-content\/uploads\/2024\/03\/unnamed.jpg\" \/>\n\t<meta property=\"og:image:width\" content=\"512\" \/>\n\t<meta property=\"og:image:height\" content=\"512\" \/>\n\t<meta property=\"og:image:type\" content=\"image\/jpeg\" \/>\n<meta name=\"twitter:card\" content=\"summary_large_image\" \/>\n<meta name=\"twitter:label1\" content=\"Dur\u00e9e de lecture estim\u00e9e\" \/>\n\t<meta name=\"twitter:data1\" content=\"1 minute\" \/>\n<script type=\"application\/ld+json\" class=\"yoast-schema-graph\">{\"@context\":\"https:\/\/schema.org\",\"@graph\":[{\"@type\":\"WebPage\",\"@id\":\"https:\/\/hidamek.ma\/?product=stores-enrouleurs\",\"url\":\"https:\/\/hidamek.ma\/?product=stores-enrouleurs\",\"name\":\"Stores enrouleurs - HIDAMEK\",\"isPartOf\":{\"@id\":\"https:\/\/hidamek.ma\/#website\"},\"primaryImageOfPage\":{\"@id\":\"https:\/\/hidamek.ma\/?product=stores-enrouleurs#primaryimage\"},\"image\":{\"@id\":\"https:\/\/hidamek.ma\/?product=stores-enrouleurs#primaryimage\"},\"thumbnailUrl\":\"https:\/\/hidamek.ma\/wp-content\/uploads\/2024\/03\/unnamed.jpg\",\"datePublished\":\"2024-03-31T14:25:04+00:00\",\"dateModified\":\"2024-03-31T14:25:04+00:00\",\"description\":\"Les stores enrouleurs sont des solutions de fen\u00eatres polyvalentes et \u00e9l\u00e9gantes qui offrent \u00e0 la fois fonctionnalit\u00e9 et esth\u00e9tique. Fabriqu\u00e9s \u00e0 partir de tissus vari\u00e9s comme le polyester ou le coton, ces stores peuvent \u00eatre adapt\u00e9s \u00e0 diff\u00e9rents styles de d\u00e9coration et de besoins en mati\u00e8re de luminosit\u00e9 et d'intimit\u00e9. Leur m\u00e9canisme d'enroulement permet un contr\u00f4le pr\u00e9cis de la lumi\u00e8re entrante et de l'intimit\u00e9, tandis que leur design \u00e9pur\u00e9 et minimaliste s'int\u00e8gre harmonieusement dans n'importe quel espace. Faciles \u00e0 installer et \u00e0 entretenir, les stores enrouleurs sont des choix populaires pour les maisons, les bureaux et les espaces commerciaux \u00e0 la recherche d'une solution de fen\u00eatre fonctionnelle et esth\u00e9tique.\",\"breadcrumb\":{\"@id\":\"https:\/\/hidamek.ma\/?product=stores-enrouleurs#breadcrumb\"},\"inLanguage\":\"fr-FR\",\"potentialAction\":[{\"@type\":\"ReadAction\",\"target\":[\"https:\/\/hidamek.ma\/?product=stores-enrouleurs\"]}]},{\"@type\":\"ImageObject\",\"inLanguage\":\"fr-FR\",\"@id\":\"https:\/\/hidamek.ma\/?product=stores-enrouleurs#primaryimage\",\"url\":\"https:\/\/hidamek.ma\/wp-content\/uploads\/2024\/03\/unnamed.jpg\",\"contentUrl\":\"https:\/\/hidamek.ma\/wp-content\/uploads\/2024\/03\/unnamed.jpg\",\"width\":512,\"height\":512},{\"@type\":\"BreadcrumbList\",\"@id\":\"https:\/\/hidamek.ma\/?product=stores-enrouleurs#breadcrumb\",\"itemListElement\":[{\"@type\":\"ListItem\",\"position\":1,\"name\":\"Accueil\",\"item\":\"https:\/\/hidamek.ma\/\"},{\"@type\":\"ListItem\",\"position\":2,\"name\":\"Boutique\",\"item\":\"https:\/\/hidamek.ma\/?page_id=1348\"},{\"@type\":\"ListItem\",\"position\":3,\"name\":\"Stores enrouleurs\"}]},{\"@type\":\"WebSite\",\"@id\":\"https:\/\/hidamek.ma\/#website\",\"url\":\"https:\/\/hidamek.ma\/\",\"name\":\"HIDAMEK\",\"description\":\"Just another WordPress site\",\"publisher\":{\"@id\":\"https:\/\/hidamek.ma\/#organization\"},\"potentialAction\":[{\"@type\":\"SearchAction\",\"target\":{\"@type\":\"EntryPoint\",\"urlTemplate\":\"https:\/\/hidamek.ma\/?s={search_term_string}\"},\"query-input\":\"required name=search_term_string\"}],\"inLanguage\":\"fr-FR\"},{\"@type\":\"Organization\",\"@id\":\"https:\/\/hidamek.ma\/#organization\",\"name\":\"HIDAMEK\",\"url\":\"https:\/\/hidamek.ma\/\",\"logo\":{\"@type\":\"ImageObject\",\"inLanguage\":\"fr-FR\",\"@id\":\"https:\/\/hidamek.ma\/#\/schema\/logo\/image\/\",\"url\":\"https:\/\/hidamek.ma\/wp-content\/uploads\/2022\/03\/hidamek-logo.png\",\"contentUrl\":\"https:\/\/hidamek.ma\/wp-content\/uploads\/2022\/03\/hidamek-logo.png\",\"width\":1000,\"height\":299,\"caption\":\"HIDAMEK\"},\"image\":{\"@id\":\"https:\/\/hidamek.ma\/#\/schema\/logo\/image\/\"}}]}<\/script>\n<!-- \/ Yoast SEO plugin. -->","yoast_head_json":{"title":"Stores enrouleurs - HIDAMEK","description":"Les stores enrouleurs sont des solutions de fen\u00eatres polyvalentes et \u00e9l\u00e9gantes qui offrent \u00e0 la fois fonctionnalit\u00e9 et esth\u00e9tique. Fabriqu\u00e9s \u00e0 partir de tissus vari\u00e9s comme le polyester ou le coton, ces stores peuvent \u00eatre adapt\u00e9s \u00e0 diff\u00e9rents styles de d\u00e9coration et de besoins en mati\u00e8re de luminosit\u00e9 et d'intimit\u00e9. Leur m\u00e9canisme d'enroulement permet un contr\u00f4le pr\u00e9cis de la lumi\u00e8re entrante et de l'intimit\u00e9, tandis que leur design \u00e9pur\u00e9 et minimaliste s'int\u00e8gre harmonieusement dans n'importe quel espace. Faciles \u00e0 installer et \u00e0 entretenir, les stores enrouleurs sont des choix populaires pour les maisons, les bureaux et les espaces commerciaux \u00e0 la recherche d'une solution de fen\u00eatre fonctionnelle et esth\u00e9tique.","robots":{"index":"index","follow":"follow","max-snippet":"max-snippet:-1","max-image-preview":"max-image-preview:large","max-video-preview":"max-video-preview:-1"},"canonical":"https:\/\/hidamek.ma\/?product=stores-enrouleurs","og_locale":"fr_FR","og_type":"article","og_title":"Stores enrouleurs - HIDAMEK","og_description":"Les stores enrouleurs sont des solutions de fen\u00eatres polyvalentes et \u00e9l\u00e9gantes qui offrent \u00e0 la fois fonctionnalit\u00e9 et esth\u00e9tique. Fabriqu\u00e9s \u00e0 partir de tissus vari\u00e9s comme le polyester ou le coton, ces stores peuvent \u00eatre adapt\u00e9s \u00e0 diff\u00e9rents styles de d\u00e9coration et de besoins en mati\u00e8re de luminosit\u00e9 et d'intimit\u00e9. Leur m\u00e9canisme d'enroulement permet un contr\u00f4le pr\u00e9cis de la lumi\u00e8re entrante et de l'intimit\u00e9, tandis que leur design \u00e9pur\u00e9 et minimaliste s'int\u00e8gre harmonieusement dans n'importe quel espace. Faciles \u00e0 installer et \u00e0 entretenir, les stores enrouleurs sont des choix populaires pour les maisons, les bureaux et les espaces commerciaux \u00e0 la recherche d'une solution de fen\u00eatre fonctionnelle et esth\u00e9tique.","og_url":"https:\/\/hidamek.ma\/?product=stores-enrouleurs","og_site_name":"HIDAMEK","og_image":[{"width":512,"height":512,"url":"https:\/\/hidamek.ma\/wp-content\/uploads\/2024\/03\/unnamed.jpg","type":"image\/jpeg"}],"twitter_card":"summary_large_image","twitter_misc":{"Dur\u00e9e de lecture estim\u00e9e":"1 minute"},"schema":{"@context":"https:\/\/schema.org","@graph":[{"@type":"WebPage","@id":"https:\/\/hidamek.ma\/?product=stores-enrouleurs","url":"https:\/\/hidamek.ma\/?product=stores-enrouleurs","name":"Stores enrouleurs - HIDAMEK","isPartOf":{"@id":"https:\/\/hidamek.ma\/#website"},"primaryImageOfPage":{"@id":"https:\/\/hidamek.ma\/?product=stores-enrouleurs#primaryimage"},"image":{"@id":"https:\/\/hidamek.ma\/?product=stores-enrouleurs#primaryimage"},"thumbnailUrl":"https:\/\/hidamek.ma\/wp-content\/uploads\/2024\/03\/unnamed.jpg","datePublished":"2024-03-31T14:25:04+00:00","dateModified":"2024-03-31T14:25:04+00:00","description":"Les stores enrouleurs sont des solutions de fen\u00eatres polyvalentes et \u00e9l\u00e9gantes qui offrent \u00e0 la fois fonctionnalit\u00e9 et esth\u00e9tique. Fabriqu\u00e9s \u00e0 partir de tissus vari\u00e9s comme le polyester ou le coton, ces stores peuvent \u00eatre adapt\u00e9s \u00e0 diff\u00e9rents styles de d\u00e9coration et de besoins en mati\u00e8re de luminosit\u00e9 et d'intimit\u00e9. Leur m\u00e9canisme d'enroulement permet un contr\u00f4le pr\u00e9cis de la lumi\u00e8re entrante et de l'intimit\u00e9, tandis que leur design \u00e9pur\u00e9 et minimaliste s'int\u00e8gre harmonieusement dans n'importe quel espace. Faciles \u00e0 installer et \u00e0 entretenir, les stores enrouleurs sont des choix populaires pour les maisons, les bureaux et les espaces commerciaux \u00e0 la recherche d'une solution de fen\u00eatre fonctionnelle et esth\u00e9tique.","breadcrumb":{"@id":"https:\/\/hidamek.ma\/?product=stores-enrouleurs#breadcrumb"},"inLanguage":"fr-FR","potentialAction":[{"@type":"ReadAction","target":["https:\/\/hidamek.ma\/?product=stores-enrouleurs"]}]},{"@type":"ImageObject","inLanguage":"fr-FR","@id":"https:\/\/hidamek.ma\/?product=stores-enrouleurs#primaryimage","url":"https:\/\/hidamek.ma\/wp-content\/uploads\/2024\/03\/unnamed.jpg","contentUrl":"https:\/\/hidamek.ma\/wp-content\/uploads\/2024\/03\/unnamed.jpg","width":512,"height":512},{"@type":"BreadcrumbList","@id":"https:\/\/hidamek.ma\/?product=stores-enrouleurs#breadcrumb","itemListElement":[{"@type":"ListItem","position":1,"name":"Accueil","item":"https:\/\/hidamek.ma\/"},{"@type":"ListItem","position":2,"name":"Boutique","item":"https:\/\/hidamek.ma\/?page_id=1348"},{"@type":"ListItem","position":3,"name":"Stores enrouleurs"}]},{"@type":"WebSite","@id":"https:\/\/hidamek.ma\/#website","url":"https:\/\/hidamek.ma\/","name":"HIDAMEK","description":"Just another WordPress site","publisher":{"@id":"https:\/\/hidamek.ma\/#organization"},"potentialAction":[{"@type":"SearchAction","target":{"@type":"EntryPoint","urlTemplate":"https:\/\/hidamek.ma\/?s={search_term_string}"},"query-input":"required name=search_term_string"}],"inLanguage":"fr-FR"},{"@type":"Organization","@id":"https:\/\/hidamek.ma\/#organization","name":"HIDAMEK","url":"https:\/\/hidamek.ma\/","logo":{"@type":"ImageObject","inLanguage":"fr-FR","@id":"https:\/\/hidamek.ma\/#\/schema\/logo\/image\/","url":"https:\/\/hidamek.ma\/wp-content\/uploads\/2022\/03\/hidamek-logo.png","contentUrl":"https:\/\/hidamek.ma\/wp-content\/uploads\/2022\/03\/hidamek-logo.png","width":1000,"height":299,"caption":"HIDAMEK"},"image":{"@id":"https:\/\/hidamek.ma\/#\/schema\/logo\/image\/"}}]}},"_links":{"self":[{"href":"https:\/\/hidamek.ma\/index.php?rest_route=\/wp\/v2\/product\/1523","targetHints":{"allow":["GET"]}}],"collection":[{"href":"https:\/\/hidamek.ma\/index.php?rest_route=\/wp\/v2\/product"}],"about":[{"href":"https:\/\/hidamek.ma\/index.php?rest_route=\/wp\/v2\/types\/product"}],"replies":[{"embeddable":true,"href":"https:\/\/hidamek.ma\/index.php?rest_route=%2Fwp%2Fv2%2Fcomments&post=1523"}],"wp:featuredmedia":[{"embeddable":true,"href":"https:\/\/hidamek.ma\/index.php?rest_route=\/wp\/v2\/media\/1526"}],"wp:attachment":[{"href":"https:\/\/hidamek.ma\/index.php?rest_route=%2Fwp%2Fv2%2Fmedia&parent=1523"}],"wp:term":[{"taxonomy":"product_cat","embeddable":true,"href":"https:\/\/hidamek.ma\/index.php?rest_route=%2Fwp%2Fv2%2Fproduct_cat&post=1523"},{"taxonomy":"product_tag","embeddable":true,"href":"https:\/\/hidamek.ma\/index.php?rest_route=%2Fwp%2Fv2%2Fproduct_tag&post=1523"}],"curies":[{"name":"wp","href":"https:\/\/api.w.org\/{rel}","templated":true}]}}